{"id":11069,"date":"2024-09-28T19:35:37","date_gmt":"2024-09-28T17:35:37","guid":{"rendered":"https:\/\/oficinaeconomicagalicia.xunta.gal\/accessibility\/"},"modified":"2024-09-30T12:14:55","modified_gmt":"2024-09-30T10:14:55","slug":"accessibility","status":"publish","type":"page","link":"https:\/\/oficinaeconomicagalicia.xunta.gal\/en\/accessibility\/","title":{"rendered":"Accessibility"},"content":{"rendered":"\t\t<div data-elementor-type=\"wp-page\" data-elementor-id=\"11069\" class=\"elementor elementor-11069 elementor-10893\" data-elementor-post-type=\"page\">\n\t\t\t\t\t\t<section class=\"ob-is-breaking-bad elementor-section elementor-top-section elementor-element elementor-element-e899a9c elementor-section-full_width elementor-section-height-min-height elementor-section-items-stretch elementor-section-height-default\" data-id=\"e899a9c\" data-element_type=\"section\" data-e-type=\"section\" data-settings=\"{&quot;_ob_bbad_use_it&quot;:&quot;yes&quot;,&quot;_ob_bbad_sssic_use&quot;:&quot;no&quot;}\">\n\t\t\t\t\t\t<div class=\"elementor-container elementor-column-gap-no\">\n\t\t\t\t\t<div class=\"elementor-column elementor-col-100 elementor-top-column elementor-element elementor-element-13b7d79\" data-id=\"13b7d79\" data-element_type=\"column\" data-e-type=\"column\" data-settings=\"{&quot;background_background&quot;:&quot;classic&quot;,&quot;_ob_bbad_is_stalker&quot;:&quot;no&quot;,&quot;_ob_column_has_pseudo&quot;:&quot;no&quot;}\">\n\t\t\t<div class=\"elementor-widget-wrap elementor-element-populated\">\n\t\t\t\t\t\t<div class=\"elementor-element elementor-element-4965436 elementor-widget__width-auto ob-harakiri-inherit elementor-invisible ob-has-background-overlay elementor-widget elementor-widget-heading\" data-id=\"4965436\" data-element_type=\"widget\" data-e-type=\"widget\" data-settings=\"{&quot;_animation&quot;:&quot;fadeInDown&quot;,&quot;_ob_use_harakiri&quot;:&quot;yes&quot;,&quot;_ob_harakiri_writing_mode&quot;:&quot;inherit&quot;,&quot;_ob_harakiri_text_clip&quot;:&quot;none&quot;,&quot;_ob_poopart_use&quot;:&quot;yes&quot;}\" data-widget_type=\"heading.default\">\n\t\t\t\t<div class=\"elementor-widget-container\">\n\t\t\t\t\t<h2 class=\"elementor-heading-title elementor-size-default\">Accessibility<\/h2>\t\t\t\t<\/div>\n\t\t\t\t<\/div>\n\t\t\t\t<div class=\"elementor-element elementor-element-a1ead1f ob-has-background-overlay elementor-widget elementor-widget-spacer\" data-id=\"a1ead1f\" data-element_type=\"widget\" data-e-type=\"widget\" data-settings=\"{&quot;_ob_poopart_use&quot;:&quot;yes&quot;}\" data-widget_type=\"spacer.default\">\n\t\t\t\t<div class=\"elementor-widget-container\">\n\t\t\t\t\t\t\t<div class=\"elementor-spacer\">\n\t\t\t<div class=\"elementor-spacer-inner\"><\/div>\n\t\t<\/div>\n\t\t\t\t\t\t<\/div>\n\t\t\t\t<\/div>\n\t\t\t\t\t<\/div>\n\t\t<\/div>\n\t\t\t\t\t<\/div>\n\t\t<\/section>\n\t\t\t\t<section class=\"ob-is-breaking-bad elementor-section elementor-top-section elementor-element elementor-element-9de0063 elementor-hidden-desktop elementor-hidden-tablet elementor-hidden-mobile elementor-section-boxed elementor-section-height-default elementor-section-height-default\" data-id=\"9de0063\" data-element_type=\"section\" data-e-type=\"section\" data-settings=\"{&quot;background_background&quot;:&quot;classic&quot;,&quot;_ob_bbad_use_it&quot;:&quot;yes&quot;,&quot;_ob_bbad_sssic_use&quot;:&quot;no&quot;}\">\n\t\t\t\t\t\t<div class=\"elementor-container elementor-column-gap-default\">\n\t\t\t\t\t<div class=\"elementor-column elementor-col-100 elementor-top-column elementor-element elementor-element-b8d50e0\" data-id=\"b8d50e0\" data-element_type=\"column\" data-e-type=\"column\" data-settings=\"{&quot;_ob_bbad_is_stalker&quot;:&quot;no&quot;,&quot;_ob_column_has_pseudo&quot;:&quot;no&quot;}\">\n\t\t\t<div class=\"elementor-widget-wrap elementor-element-populated\">\n\t\t\t\t\t\t<div class=\"elementor-element elementor-element-6a8bb69 ob-has-background-overlay elementor-widget elementor-widget-ha-page-title happy-addon ha-page-title\" data-id=\"6a8bb69\" data-element_type=\"widget\" data-e-type=\"widget\" data-settings=\"{&quot;_ob_poopart_use&quot;:&quot;yes&quot;}\" data-widget_type=\"ha-page-title.default\">\n\t\t\t\t<div class=\"elementor-widget-container\">\n\t\t\t\t\t<h2 class=\"ha-page-title elementor-size-default\">Accessibility<\/h2>\t\t\t\t<\/div>\n\t\t\t\t<\/div>\n\t\t\t\t\t<\/div>\n\t\t<\/div>\n\t\t\t\t\t<\/div>\n\t\t<\/section>\n\t\t\t\t<section class=\"ob-is-breaking-bad elementor-section elementor-top-section elementor-element elementor-element-4f952ca elementor-section-boxed elementor-section-height-default elementor-section-height-default\" data-id=\"4f952ca\" data-element_type=\"section\" data-e-type=\"section\" data-settings=\"{&quot;_ob_bbad_use_it&quot;:&quot;yes&quot;,&quot;_ob_bbad_sssic_use&quot;:&quot;no&quot;}\">\n\t\t\t\t\t\t<div class=\"elementor-container elementor-column-gap-default\">\n\t\t\t\t\t<div class=\"elementor-column elementor-col-100 elementor-top-column elementor-element elementor-element-fc88775\" data-id=\"fc88775\" data-element_type=\"column\" data-e-type=\"column\" data-settings=\"{&quot;_ob_bbad_is_stalker&quot;:&quot;no&quot;,&quot;_ob_column_has_pseudo&quot;:&quot;no&quot;}\">\n\t\t\t<div class=\"elementor-widget-wrap elementor-element-populated\">\n\t\t\t\t\t\t<div class=\"elementor-element elementor-element-d8ba5cd custom-text ob-harakiri-inherit ob-has-background-overlay elementor-widget elementor-widget-text-editor\" data-id=\"d8ba5cd\" data-element_type=\"widget\" data-e-type=\"widget\" data-settings=\"{&quot;_ob_use_harakiri&quot;:&quot;yes&quot;,&quot;_ob_harakiri_writing_mode&quot;:&quot;inherit&quot;,&quot;_ob_poopart_use&quot;:&quot;yes&quot;}\" data-widget_type=\"text-editor.default\">\n\t\t\t\t<div class=\"elementor-widget-container\">\n\t\t\t\t\t\t\t\t\t<div class=\"col-sm-12 titulo margin-lg-bottom-xl text-center\">\r\n<div class=\"col-sm-12 titulo margin-lg-bottom-xl text-center\">\r\n<h3 class=\"texto-tam-xxxxl mb-0 fonte-xuntasans texto-bold texto-color-xunta-secundario\" tabindex=\"0\">Accessibility statement<\/h3>\r\n<\/div>\r\n<div class=\"col-sm-12 parrafo estandar\" tabindex=\"0\">The Xunta de Galicia is committed to making its websites accessible in accordance with <a href=\"https:\/\/www.boe.es\/diario_boe\/txt.php?id=BOE-A-2018-12699\" target=\"_blank\" rel=\"noopener\">Royal Decree 1112\/2018, of 7 September, on accessibility of public sector websites and applications for mobile devices.<\/a><\/div>\r\n<\/div>\r\nThis accessibility statement applies to the Oficina Galicia Empresa website.\r\n<h2>Compliance status<\/h2>\r\nThis website is\u00a0<strong>partially compliant<\/strong>\u00a0with RD 1112\/2018 due to the exceptions and non-compliance with the aspects detailed below.\r\n<h2>Non-accessible content<\/h2>\r\nThe content listed below is not accessible due to the following:\r\n<ol>\r\n \t<li type=\"a\"><strong>non-compliance with RD 1112\/2018:<\/strong>\r\n<ul>\r\n \t<li>There may be problems in perceiving some elements of the site affecting requirements 9.1.1.1.1 Non-textual content, 9.1.3.1 Information and relationships, 9.1.4.3 Contrast (minimum) and 9.1.4.11 Non-textual contrast of UNE-EN 301 549:2019.<\/li>\r\n \t<li>Problems may be experienced in accessing the functionalities of site elements affecting requirements 9.2.1.1 Keyboard, 9.2.4.6 Headings and labels and 9.2.4.7 Focus visibility of UNE-EN 301 549:2019.<\/li>\r\n \t<li>Some information regarding elements of the site may not be available that affects the understanding of how to use these elements or the information they provide affecting requirement 9.3.1.2 Language of the parts of UNE-EN 301 549:2019.<\/li>\r\n \t<li>Some browsers or supporting products may experience problems interpreting some elements of this site affecting requirement 9.4.1.1.1 Processing of UNE-EN 301 549:2019.<\/li>\r\n<\/ul>\r\n<\/li>\r\n \t<li type=\"a\"><strong>disproportionate burden<\/strong>: not applicable.<\/li>\r\n \t<li type=\"a\">the content\u00a0<strong>does not fall within the scope of the applicable<\/strong>\u00a0legislation: not applicable.<\/li>\r\n<\/ol>\r\n<h2>Preparation of this accessibility statement<\/h2>\r\nThis statement was prepared on 01\/10\/2020.\r\n\r\nThe method used to prepare the statement was a self-assessment carried out by the Axencia para a Modernizaci\u00f3n Tecnol\u00f3xica de Galicia (Amtega).\r\n\r\nLast review of the statement: 20\/05\/2021.\r\n<h2>Comments and contact details<\/h2>\r\nYou can make communications on accessibility requirements (Article 10.2.a of RD 1112\/2018) such as reporting possible breaches by this website, transmitting other difficulties in accessing the content or making any other suggestion for progress relating to the accessibility of this website through the\u00a0<a href=\"https:\/\/www.xunta.gal\/sistema-integrado-de-atencion-a-cidadania?langId=gl_ES\" target=\"_blank\" rel=\"noopener\">Integrated Citizen Service System<\/a>\u00a0electronically, by telephone or in person.\r\n\r\nCommunications will be received and processed by the Xunta de Galicia.\r\n<h2>Applicable procedure<\/h2>\r\nThe complaints procedure set out in article 13 of RD 1112\/2018 will enter into force on 20 September 2020.\r\n<h2>Optional content<\/h2>\r\n<h3>Latest review date<\/h3>\r\nThe last accessibility review was carried out on 01\/10\/2020.\r\n<h3>Related links<\/h3>\r\n<ul>\r\n \t<li><a href=\"https:\/\/www.w3.org\/TR\/WCAG21\/\" target=\"_blank\" rel=\"noopener\">Accessibility Guidelines for Web Content version 2.1 &#8211; W3C Recommendation published on 5 June 2018<\/a><\/li>\r\n \t<li><a href=\"https:\/\/www.w3.org\/WAI\/WCAG21\/quickref\/\" target=\"_blank\" rel=\"noopener\">Quick guide on how to comply with the Accessibility Guidelines for Web Content version 2 &#8211; W3C Publication<\/a><\/li>\r\n \t<li><a href=\"http:\/\/www.w3.org\/WAI\" target=\"_blank\" rel=\"noopener\">W3C Accessibility Initiative<\/a><\/li>\r\n \t<li><a href=\"https:\/\/www.boe.es\/diario_boe\/txt.php?id=BOE-A-2018-12699\" target=\"_blank\" rel=\"noopener\">Royal Decree 1112\/2018, of 7 September, on accessibility of public sector websites and applications for mobile devices.<\/a><\/li>\r\n \t<li><a href=\"https:\/\/administracionelectronica.gob.es\/pae_Home\/pae_Estrategias\/pae_Accesibilidad.html?idioma=en\" target=\"_blank\" rel=\"noopener\">Accessibility Strategy &#8211; e-Government Site<\/a><\/li>\r\n \t<li><a href=\"http:\/\/administracionelectronica.gob.es\/PAe\/accesibilidad\/une-en-301549-2019.pdf\" target=\"_blank\" rel=\"noopener\">Standard UNE-EN 301 549:2019, with version 2.1.2 of Standard EN 301 549:2018, on \u201cAccessibility requirements for ICT products and services\u201d<\/a><\/li>\r\n \t<li><a href=\"https:\/\/www.xunta.gal\/atencion-a-cidadania?langId=gl_ES\" target=\"_blank\" rel=\"noopener\">Citizen services<\/a><\/li>\r\n<\/ul>\t\t\t\t\t\t\t\t<\/div>\n\t\t\t\t<\/div>\n\t\t\t\t<div class=\"elementor-element elementor-element-a739eb0 ob-has-background-overlay elementor-widget elementor-widget-html\" data-id=\"a739eb0\" data-element_type=\"widget\" data-e-type=\"widget\" data-settings=\"{&quot;_ob_poopart_use&quot;:&quot;yes&quot;}\" data-widget_type=\"html.default\">\n\t\t\t\t<div class=\"elementor-widget-container\">\n\t\t\t\t\t<style>\r\n.custom-text {\r\n    \/*padding: 30px;*\/\r\n    \/*color: var(--e-global-color-primary );*\/\r\n    \/*background-color: var(--e-global-color-b28e45f );\r\n    border-style: solid;\r\n    border-width: 1px 1px 1px 1px;\r\n    border-color: #014D943B;\r\n    border-radius: 0px 0px 0px 0px;*\/\r\n}\r\n.custom-text a{\r\n    color: var( --e-global-color-primary );\r\n    font-weight: 600;\r\n}\r\n\/*\r\n.custom-text ol {\r\n      margin-bottom:20px;\r\n      font-weight:500;\r\n}\r\n.custom-text ol li {\r\n      color: var( --e-global-color-primary );\r\n}\r\n*\/\r\n.custom-text h3{\r\n  color: var( --e-global-color-text );\r\n  font-weight: 500!important;\r\n  color: var( --e-global-color-primary );\r\n  font-size: 20px;\r\n  line-height: 1.3em;\r\n  text-transform: uppercase;\r\n}\r\n.custom-text h3:not(:first-of-type) {\r\n  margin-top: 30px;\r\n}\r\n.custom-text ol,\r\n.custom-text ul {\r\n  display: block;\r\n  padding-top: 20px;\r\n  padding-bottom: 10px;\r\n  padding-right: 20px;\r\n  flex-direction: row;\r\n  align-items: center;\r\n  justify-content: start;\r\n  background: #F1F2F8;\r\n\/*background: linear-gradient(90deg, rgba(255,255,255,1) 0%, rgba(222,236,253,1) 100%);*\/\r\n  margin-top: 20px;\r\n  margin-bottom: 20px;\r\n}\r\n.custom-text ol li::marker {\r\n    color: var( --e-global-color-secondary );\r\n}\r\n.custom-text ol li,\r\n.custom-text ul li {\r\n  font-size: 16px!important;\r\n  margin: 0;\r\n  list-style:none;\r\n  list-style-type: square;\r\n  padding: 0 .2em; \/* indentation + .5em *\/\r\n  line-height: 1.2em; \/* default list item's `line-height` *\/\r\n  margin-bottom: 1em;\r\n  position: relative;\r\n  \/*color: var( --e-global-color-primary );*\/\r\n}\r\n.custom-text ol li:before,\r\n.custom-text ul li:before {\r\n    content:\"\";\r\n    top:0;\r\n    left:-20px;\r\n    position: absolute;\r\n    display: flex;\r\n    height: 100%;\r\n    \/*border-left:3px solid var( --e-global-color-primary );*\/\r\n}\r\n.custom-text p{\r\n    margin-bottom: 15px;\r\n}\r\n<\/style>\t\t\t\t<\/div>\n\t\t\t\t<\/div>\n\t\t\t\t\t<\/div>\n\t\t<\/div>\n\t\t\t\t\t<\/div>\n\t\t<\/section>\n\t\t\t\t<\/div>\n\t\t","protected":false},"excerpt":{"rendered":"<p>Accessibility statement The Xunta de Galicia is committed to making its websites accessible in accordance with Royal Decree 1112\/2018, of 7 September, on accessibility of public sector websites and applications for mobile devices. This accessibility statement applies to the Oficina Galicia Empresa website. Compliance status This website is\u00a0partially compliant\u00a0with RD 1112\/2018 due to the exceptions [&hellip;]<\/p>\n","protected":false},"author":3,"featured_media":10324,"parent":0,"menu_order":37,"comment_status":"closed","ping_status":"closed","template":"","meta":{"inline_featured_image":false,"footnotes":""},"categorias_paxinas":[],"class_list":["post-11069","page","type-page","status-publish","has-post-thumbnail","hentry"],"yoast_head":"<!-- This site is optimized with the Yoast SEO plugin v27.6 - https:\/\/yoast.com\/product\/yoast-seo-wordpress\/ -->\n<title>Accessibility - Oficina Econ\u00f3mica de Galicia<\/title>\n<meta name=\"robots\" content=\"index, follow, max-snippet:-1, max-image-preview:large, max-video-preview:-1\" \/>\n<link rel=\"canonical\" href=\"https:\/\/oficinaeconomicagalicia.xunta.gal\/accesibilidade\/\" \/>\n<meta property=\"og:locale\" content=\"en_US\" \/>\n<meta property=\"og:type\" content=\"article\" \/>\n<meta property=\"og:title\" content=\"Accessibility - Oficina Econ\u00f3mica de Galicia\" \/>\n<meta property=\"og:description\" content=\"Accessibility statement The Xunta de Galicia is committed to making its websites accessible in accordance with Royal Decree 1112\/2018, of 7 September, on accessibility of public sector websites and applications for mobile devices. This accessibility statement applies to the Oficina Galicia Empresa website. Compliance status This website is\u00a0partially compliant\u00a0with RD 1112\/2018 due to the exceptions [&hellip;]\" \/>\n<meta property=\"og:url\" content=\"https:\/\/oficinaeconomicagalicia.xunta.gal\/accesibilidade\/\" \/>\n<meta property=\"og:site_name\" content=\"Oficina Econ\u00f3mica de Galicia\" \/>\n<meta property=\"article:publisher\" content=\"https:\/\/www.facebook.com\/OficinaEconomicadeGalicia\/\" \/>\n<meta property=\"article:modified_time\" content=\"2024-09-30T10:14:55+00:00\" \/>\n<meta property=\"og:image\" content=\"https:\/\/oficinaeconomicagalicia.xunta.gal\/wp-content\/uploads\/2024\/08\/30-1.jpg\" \/>\n\t<meta property=\"og:image:width\" content=\"1920\" \/>\n\t<meta property=\"og:image:height\" content=\"1080\" \/>\n\t<meta property=\"og:image:type\" content=\"image\/jpeg\" \/>\n<meta name=\"twitter:card\" content=\"summary_large_image\" \/>\n<meta name=\"twitter:label1\" content=\"Est. reading time\" \/>\n\t<meta name=\"twitter:data1\" content=\"2 minutes\" \/>\n<script type=\"application\/ld+json\" class=\"yoast-schema-graph\">{\"@context\":\"https:\\\/\\\/schema.org\",\"@graph\":[{\"@type\":\"WebPage\",\"@id\":\"https:\\\/\\\/oficinaeconomicagalicia.xunta.gal\\\/accesibilidade\\\/\",\"url\":\"https:\\\/\\\/oficinaeconomicagalicia.xunta.gal\\\/accesibilidade\\\/\",\"name\":\"Accessibility - Oficina Econ\u00f3mica de Galicia\",\"isPartOf\":{\"@id\":\"https:\\\/\\\/oficinaeconomicagalicia.xunta.gal\\\/#website\"},\"primaryImageOfPage\":{\"@id\":\"https:\\\/\\\/oficinaeconomicagalicia.xunta.gal\\\/accesibilidade\\\/#primaryimage\"},\"image\":{\"@id\":\"https:\\\/\\\/oficinaeconomicagalicia.xunta.gal\\\/accesibilidade\\\/#primaryimage\"},\"thumbnailUrl\":\"https:\\\/\\\/oficinaeconomicagalicia.xunta.gal\\\/wp-content\\\/uploads\\\/2024\\\/08\\\/30-1.jpg\",\"datePublished\":\"2024-09-28T17:35:37+00:00\",\"dateModified\":\"2024-09-30T10:14:55+00:00\",\"breadcrumb\":{\"@id\":\"https:\\\/\\\/oficinaeconomicagalicia.xunta.gal\\\/accesibilidade\\\/#breadcrumb\"},\"inLanguage\":\"en-US\",\"potentialAction\":[{\"@type\":\"ReadAction\",\"target\":[\"https:\\\/\\\/oficinaeconomicagalicia.xunta.gal\\\/accesibilidade\\\/\"]}]},{\"@type\":\"ImageObject\",\"inLanguage\":\"en-US\",\"@id\":\"https:\\\/\\\/oficinaeconomicagalicia.xunta.gal\\\/accesibilidade\\\/#primaryimage\",\"url\":\"https:\\\/\\\/oficinaeconomicagalicia.xunta.gal\\\/wp-content\\\/uploads\\\/2024\\\/08\\\/30-1.jpg\",\"contentUrl\":\"https:\\\/\\\/oficinaeconomicagalicia.xunta.gal\\\/wp-content\\\/uploads\\\/2024\\\/08\\\/30-1.jpg\",\"width\":1920,\"height\":1080},{\"@type\":\"BreadcrumbList\",\"@id\":\"https:\\\/\\\/oficinaeconomicagalicia.xunta.gal\\\/accesibilidade\\\/#breadcrumb\",\"itemListElement\":[{\"@type\":\"ListItem\",\"position\":1,\"name\":\"Inicio\",\"item\":\"https:\\\/\\\/oficinaeconomicagalicia.xunta.gal\\\/\"},{\"@type\":\"ListItem\",\"position\":2,\"name\":\"Accessibility\"}]},{\"@type\":\"WebSite\",\"@id\":\"https:\\\/\\\/oficinaeconomicagalicia.xunta.gal\\\/#website\",\"url\":\"https:\\\/\\\/oficinaeconomicagalicia.xunta.gal\\\/\",\"name\":\"Oficina Econ\u00f3mica de Galicia\",\"description\":\"Convertir calquera tr\u00e1mite nun mero tr\u00e1mite\",\"publisher\":{\"@id\":\"https:\\\/\\\/oficinaeconomicagalicia.xunta.gal\\\/#organization\"},\"potentialAction\":[{\"@type\":\"SearchAction\",\"target\":{\"@type\":\"EntryPoint\",\"urlTemplate\":\"https:\\\/\\\/oficinaeconomicagalicia.xunta.gal\\\/?s={search_term_string}\"},\"query-input\":{\"@type\":\"PropertyValueSpecification\",\"valueRequired\":true,\"valueName\":\"search_term_string\"}}],\"inLanguage\":\"en-US\"},{\"@type\":\"Organization\",\"@id\":\"https:\\\/\\\/oficinaeconomicagalicia.xunta.gal\\\/#organization\",\"name\":\"Oficina Econ\u00f3mica de Galicia\",\"alternateName\":\"OEG\",\"url\":\"https:\\\/\\\/oficinaeconomicagalicia.xunta.gal\\\/\",\"logo\":{\"@type\":\"ImageObject\",\"inLanguage\":\"en-US\",\"@id\":\"https:\\\/\\\/oficinaeconomicagalicia.xunta.gal\\\/#\\\/schema\\\/logo\\\/image\\\/\",\"url\":\"https:\\\/\\\/oficinaeconomicagalicia.xunta.gal\\\/wp-content\\\/uploads\\\/2023\\\/04\\\/xunta.svg\",\"contentUrl\":\"https:\\\/\\\/oficinaeconomicagalicia.xunta.gal\\\/wp-content\\\/uploads\\\/2023\\\/04\\\/xunta.svg\",\"width\":5952.76,\"height\":1700.79,\"caption\":\"Oficina Econ\u00f3mica de Galicia\"},\"image\":{\"@id\":\"https:\\\/\\\/oficinaeconomicagalicia.xunta.gal\\\/#\\\/schema\\\/logo\\\/image\\\/\"},\"sameAs\":[\"https:\\\/\\\/www.facebook.com\\\/OficinaEconomicadeGalicia\\\/\",\"https:\\\/\\\/www.linkedin.com\\\/company\\\/oficina-economica-de-galicia\\\/\"]}]}<\/script>\n<!-- \/ Yoast SEO plugin. -->","yoast_head_json":{"title":"Accessibility - Oficina Econ\u00f3mica de Galicia","robots":{"index":"index","follow":"follow","max-snippet":"max-snippet:-1","max-image-preview":"max-image-preview:large","max-video-preview":"max-video-preview:-1"},"canonical":"https:\/\/oficinaeconomicagalicia.xunta.gal\/accesibilidade\/","og_locale":"en_US","og_type":"article","og_title":"Accessibility - Oficina Econ\u00f3mica de Galicia","og_description":"Accessibility statement The Xunta de Galicia is committed to making its websites accessible in accordance with Royal Decree 1112\/2018, of 7 September, on accessibility of public sector websites and applications for mobile devices. This accessibility statement applies to the Oficina Galicia Empresa website. Compliance status This website is\u00a0partially compliant\u00a0with RD 1112\/2018 due to the exceptions [&hellip;]","og_url":"https:\/\/oficinaeconomicagalicia.xunta.gal\/accesibilidade\/","og_site_name":"Oficina Econ\u00f3mica de Galicia","article_publisher":"https:\/\/www.facebook.com\/OficinaEconomicadeGalicia\/","article_modified_time":"2024-09-30T10:14:55+00:00","og_image":[{"width":1920,"height":1080,"url":"https:\/\/oficinaeconomicagalicia.xunta.gal\/wp-content\/uploads\/2024\/08\/30-1.jpg","type":"image\/jpeg"}],"twitter_card":"summary_large_image","twitter_misc":{"Est. reading time":"2 minutes"},"schema":{"@context":"https:\/\/schema.org","@graph":[{"@type":"WebPage","@id":"https:\/\/oficinaeconomicagalicia.xunta.gal\/accesibilidade\/","url":"https:\/\/oficinaeconomicagalicia.xunta.gal\/accesibilidade\/","name":"Accessibility - Oficina Econ\u00f3mica de Galicia","isPartOf":{"@id":"https:\/\/oficinaeconomicagalicia.xunta.gal\/#website"},"primaryImageOfPage":{"@id":"https:\/\/oficinaeconomicagalicia.xunta.gal\/accesibilidade\/#primaryimage"},"image":{"@id":"https:\/\/oficinaeconomicagalicia.xunta.gal\/accesibilidade\/#primaryimage"},"thumbnailUrl":"https:\/\/oficinaeconomicagalicia.xunta.gal\/wp-content\/uploads\/2024\/08\/30-1.jpg","datePublished":"2024-09-28T17:35:37+00:00","dateModified":"2024-09-30T10:14:55+00:00","breadcrumb":{"@id":"https:\/\/oficinaeconomicagalicia.xunta.gal\/accesibilidade\/#breadcrumb"},"inLanguage":"en-US","potentialAction":[{"@type":"ReadAction","target":["https:\/\/oficinaeconomicagalicia.xunta.gal\/accesibilidade\/"]}]},{"@type":"ImageObject","inLanguage":"en-US","@id":"https:\/\/oficinaeconomicagalicia.xunta.gal\/accesibilidade\/#primaryimage","url":"https:\/\/oficinaeconomicagalicia.xunta.gal\/wp-content\/uploads\/2024\/08\/30-1.jpg","contentUrl":"https:\/\/oficinaeconomicagalicia.xunta.gal\/wp-content\/uploads\/2024\/08\/30-1.jpg","width":1920,"height":1080},{"@type":"BreadcrumbList","@id":"https:\/\/oficinaeconomicagalicia.xunta.gal\/accesibilidade\/#breadcrumb","itemListElement":[{"@type":"ListItem","position":1,"name":"Inicio","item":"https:\/\/oficinaeconomicagalicia.xunta.gal\/"},{"@type":"ListItem","position":2,"name":"Accessibility"}]},{"@type":"WebSite","@id":"https:\/\/oficinaeconomicagalicia.xunta.gal\/#website","url":"https:\/\/oficinaeconomicagalicia.xunta.gal\/","name":"Oficina Econ\u00f3mica de Galicia","description":"Convertir calquera tr\u00e1mite nun mero tr\u00e1mite","publisher":{"@id":"https:\/\/oficinaeconomicagalicia.xunta.gal\/#organization"},"potentialAction":[{"@type":"SearchAction","target":{"@type":"EntryPoint","urlTemplate":"https:\/\/oficinaeconomicagalicia.xunta.gal\/?s={search_term_string}"},"query-input":{"@type":"PropertyValueSpecification","valueRequired":true,"valueName":"search_term_string"}}],"inLanguage":"en-US"},{"@type":"Organization","@id":"https:\/\/oficinaeconomicagalicia.xunta.gal\/#organization","name":"Oficina Econ\u00f3mica de Galicia","alternateName":"OEG","url":"https:\/\/oficinaeconomicagalicia.xunta.gal\/","logo":{"@type":"ImageObject","inLanguage":"en-US","@id":"https:\/\/oficinaeconomicagalicia.xunta.gal\/#\/schema\/logo\/image\/","url":"https:\/\/oficinaeconomicagalicia.xunta.gal\/wp-content\/uploads\/2023\/04\/xunta.svg","contentUrl":"https:\/\/oficinaeconomicagalicia.xunta.gal\/wp-content\/uploads\/2023\/04\/xunta.svg","width":5952.76,"height":1700.79,"caption":"Oficina Econ\u00f3mica de Galicia"},"image":{"@id":"https:\/\/oficinaeconomicagalicia.xunta.gal\/#\/schema\/logo\/image\/"},"sameAs":["https:\/\/www.facebook.com\/OficinaEconomicadeGalicia\/","https:\/\/www.linkedin.com\/company\/oficina-economica-de-galicia\/"]}]}},"_links":{"self":[{"href":"https:\/\/oficinaeconomicagalicia.xunta.gal\/en\/wp-json\/wp\/v2\/pages\/11069","targetHints":{"allow":["GET"]}}],"collection":[{"href":"https:\/\/oficinaeconomicagalicia.xunta.gal\/en\/wp-json\/wp\/v2\/pages"}],"about":[{"href":"https:\/\/oficinaeconomicagalicia.xunta.gal\/en\/wp-json\/wp\/v2\/types\/page"}],"author":[{"embeddable":true,"href":"https:\/\/oficinaeconomicagalicia.xunta.gal\/en\/wp-json\/wp\/v2\/users\/3"}],"replies":[{"embeddable":true,"href":"https:\/\/oficinaeconomicagalicia.xunta.gal\/en\/wp-json\/wp\/v2\/comments?post=11069"}],"version-history":[{"count":1,"href":"https:\/\/oficinaeconomicagalicia.xunta.gal\/en\/wp-json\/wp\/v2\/pages\/11069\/revisions"}],"predecessor-version":[{"id":11070,"href":"https:\/\/oficinaeconomicagalicia.xunta.gal\/en\/wp-json\/wp\/v2\/pages\/11069\/revisions\/11070"}],"wp:featuredmedia":[{"embeddable":true,"href":"https:\/\/oficinaeconomicagalicia.xunta.gal\/en\/wp-json\/wp\/v2\/media\/10324"}],"wp:attachment":[{"href":"https:\/\/oficinaeconomicagalicia.xunta.gal\/en\/wp-json\/wp\/v2\/media?parent=11069"}],"wp:term":[{"taxonomy":"categorias_paxinas","embeddable":true,"href":"https:\/\/oficinaeconomicagalicia.xunta.gal\/en\/wp-json\/wp\/v2\/categorias_paxinas?post=11069"}],"curies":[{"name":"wp","href":"https:\/\/api.w.org\/{rel}","templated":true}]}}