{"id":11077,"date":"2024-08-14T17:19:52","date_gmt":"2024-08-14T15:19:52","guid":{"rendered":"https:\/\/oficinaeconomicagalicia.xunta.gal\/grants\/"},"modified":"2024-11-21T11:41:54","modified_gmt":"2024-11-21T09:41:54","slug":"grants","status":"publish","type":"page","link":"https:\/\/oficinaeconomicagalicia.xunta.gal\/en\/public-grants\/grants\/","title":{"rendered":"Grants"},"content":{"rendered":"\t\t<div data-elementor-type=\"wp-page\" data-elementor-id=\"11077\" class=\"elementor elementor-11077 elementor-5451\" data-elementor-post-type=\"page\">\n\t\t\t\t\t\t<section class=\"ob-is-breaking-bad elementor-section elementor-top-section elementor-element elementor-element-11c6a77 elementor-section-boxed elementor-section-height-default elementor-section-height-default\" data-id=\"11c6a77\" data-element_type=\"section\" data-e-type=\"section\" data-settings=\"{&quot;background_background&quot;:&quot;classic&quot;,&quot;_ob_bbad_use_it&quot;:&quot;yes&quot;,&quot;_ob_bbad_sssic_use&quot;:&quot;no&quot;}\">\n\t\t\t\t\t\t<div class=\"elementor-container elementor-column-gap-no\">\n\t\t\t\t\t<div class=\"elementor-column elementor-col-100 elementor-top-column elementor-element elementor-element-07bbd55\" data-id=\"07bbd55\" data-element_type=\"column\" data-e-type=\"column\" data-settings=\"{&quot;_ob_bbad_is_stalker&quot;:&quot;no&quot;,&quot;_ob_column_has_pseudo&quot;:&quot;no&quot;}\">\n\t\t\t<div class=\"elementor-widget-wrap elementor-element-populated\">\n\t\t\t\t\t\t<div class=\"elementor-element elementor-element-3060c84 ob-has-background-overlay elementor-widget elementor-widget-ha-breadcrumbs happy-addon ha-breadcrumbs happy-addon-pro\" data-id=\"3060c84\" data-element_type=\"widget\" data-e-type=\"widget\" data-settings=\"{&quot;_ob_poopart_use&quot;:&quot;yes&quot;}\" data-widget_type=\"ha-breadcrumbs.default\">\n\t\t\t\t<div class=\"elementor-widget-container\">\n\t\t\t\t\t<ul class=\"ha-breadcrumbs\"><li class=\"ha-breadcrumbs-item ha-breadcrumbs-start\"><a href=\"https:\/\/oficinaeconomicagalicia.xunta.gal\/en\/\" rel=\"home\"><span class=\"ha-breadcrumbs-text\"><span class=\"ha-breadcrumbs-home-icon\"><span class=\"jki jki-home-light\" aria-hidden=\"true\"><\/span><\/span>Home<\/span><\/a><\/li><\/ul>\t\t\t\t<\/div>\n\t\t\t\t<\/div>\n\t\t\t\t\t<\/div>\n\t\t<\/div>\n\t\t\t\t\t<\/div>\n\t\t<\/section>\n\t\t\t\t<section class=\"ob-is-breaking-bad elementor-section elementor-top-section elementor-element elementor-element-ae7119d elementor-section-full_width elementor-section-height-min-height elementor-section-items-stretch elementor-section-height-default\" data-id=\"ae7119d\" data-element_type=\"section\" data-e-type=\"section\" data-settings=\"{&quot;_ob_bbad_use_it&quot;:&quot;yes&quot;,&quot;_ob_bbad_sssic_use&quot;:&quot;no&quot;}\">\n\t\t\t\t\t\t<div class=\"elementor-container elementor-column-gap-no\">\n\t\t\t\t\t<div class=\"elementor-column elementor-col-100 elementor-top-column elementor-element elementor-element-0bb6430\" data-id=\"0bb6430\" data-element_type=\"column\" data-e-type=\"column\" data-settings=\"{&quot;background_background&quot;:&quot;classic&quot;,&quot;_ob_bbad_is_stalker&quot;:&quot;no&quot;,&quot;_ob_column_has_pseudo&quot;:&quot;no&quot;}\">\n\t\t\t<div class=\"elementor-widget-wrap elementor-element-populated\">\n\t\t\t\t\t\t<div class=\"elementor-element elementor-element-7590e29 elementor-widget__width-auto ob-harakiri-inherit elementor-invisible ob-has-background-overlay elementor-widget elementor-widget-heading\" data-id=\"7590e29\" data-element_type=\"widget\" data-e-type=\"widget\" data-settings=\"{&quot;_animation&quot;:&quot;fadeInDown&quot;,&quot;_ob_use_harakiri&quot;:&quot;yes&quot;,&quot;_ob_harakiri_writing_mode&quot;:&quot;inherit&quot;,&quot;_ob_harakiri_text_clip&quot;:&quot;none&quot;,&quot;_ob_poopart_use&quot;:&quot;yes&quot;}\" data-widget_type=\"heading.default\">\n\t\t\t\t<div class=\"elementor-widget-container\">\n\t\t\t\t\t<h2 class=\"elementor-heading-title elementor-size-default\">Public support<\/h2>\t\t\t\t<\/div>\n\t\t\t\t<\/div>\n\t\t\t\t<div class=\"elementor-element elementor-element-44f4014 ob-has-background-overlay elementor-widget elementor-widget-spacer\" data-id=\"44f4014\" data-element_type=\"widget\" data-e-type=\"widget\" data-settings=\"{&quot;_ob_poopart_use&quot;:&quot;yes&quot;}\" data-widget_type=\"spacer.default\">\n\t\t\t\t<div class=\"elementor-widget-container\">\n\t\t\t\t\t\t\t<div class=\"elementor-spacer\">\n\t\t\t<div class=\"elementor-spacer-inner\"><\/div>\n\t\t<\/div>\n\t\t\t\t\t\t<\/div>\n\t\t\t\t<\/div>\n\t\t\t\t<section class=\"ob-is-breaking-bad ob-bb-inner elementor-section elementor-inner-section elementor-element elementor-element-7e2303a elementor-section-boxed elementor-section-height-default elementor-section-height-default elementor-invisible\" data-id=\"7e2303a\" data-element_type=\"section\" data-e-type=\"section\" data-settings=\"{&quot;animation&quot;:&quot;fadeInUp&quot;,&quot;_ob_bbad_use_it&quot;:&quot;yes&quot;,&quot;_ob_bbad_sssic_use&quot;:&quot;no&quot;}\">\n\t\t\t\t\t\t\t<div class=\"elementor-background-overlay\"><\/div>\n\t\t\t\t\t\t\t<div class=\"elementor-container elementor-column-gap-default\">\n\t\t\t\t\t<div class=\"elementor-column elementor-col-100 elementor-inner-column elementor-element elementor-element-bf9abf0\" data-id=\"bf9abf0\" data-element_type=\"column\" data-e-type=\"column\" data-settings=\"{&quot;_ob_bbad_is_stalker&quot;:&quot;no&quot;,&quot;_ob_column_has_pseudo&quot;:&quot;no&quot;}\">\n\t\t\t<div class=\"elementor-widget-wrap elementor-element-populated\">\n\t\t\t\t\t\t<div class=\"elementor-element elementor-element-dfa1963 elementor-widget__width-auto ob-harakiri-inherit ob-has-background-overlay elementor-widget elementor-widget-heading\" data-id=\"dfa1963\" data-element_type=\"widget\" data-e-type=\"widget\" data-settings=\"{&quot;_ob_use_harakiri&quot;:&quot;yes&quot;,&quot;_ob_harakiri_writing_mode&quot;:&quot;inherit&quot;,&quot;_ob_harakiri_text_clip&quot;:&quot;none&quot;,&quot;_ob_poopart_use&quot;:&quot;yes&quot;}\" data-widget_type=\"heading.default\">\n\t\t\t\t<div class=\"elementor-widget-container\">\n\t\t\t\t\t<h2 class=\"elementor-heading-title elementor-size-default\">grants<\/h2>\t\t\t\t<\/div>\n\t\t\t\t<\/div>\n\t\t\t\t<div class=\"elementor-element elementor-element-6f54c61 elementor-widget__width-auto ob-has-background-overlay elementor-widget elementor-widget-image\" data-id=\"6f54c61\" data-element_type=\"widget\" data-e-type=\"widget\" data-settings=\"{&quot;_ob_poopart_use&quot;:&quot;yes&quot;}\" data-widget_type=\"image.default\">\n\t\t\t\t<div class=\"elementor-widget-container\">\n\t\t\t\t\t\t\t\t\t\t\t\t\t\t\t<img fetchpriority=\"high\" decoding=\"async\" width=\"390\" height=\"309\" src=\"https:\/\/oficinaeconomicagalicia.xunta.gal\/wp-content\/uploads\/2024\/08\/axudas-1.2-1.svg\" class=\"attachment-large size-large wp-image-10076\" alt=\"\" \/>\t\t\t\t\t\t\t\t\t\t\t\t\t\t\t<\/div>\n\t\t\t\t<\/div>\n\t\t\t\t\t<\/div>\n\t\t<\/div>\n\t\t\t\t\t<\/div>\n\t\t<\/section>\n\t\t\t\t\t<\/div>\n\t\t<\/div>\n\t\t\t\t\t<\/div>\n\t\t<\/section>\n\t\t\t\t<section class=\"ob-is-breaking-bad elementor-section elementor-top-section elementor-element elementor-element-928e8d9 elementor-reverse-mobile elementor-section-boxed elementor-section-height-default elementor-section-height-default\" data-id=\"928e8d9\" data-element_type=\"section\" data-e-type=\"section\" data-settings=\"{&quot;_ob_bbad_use_it&quot;:&quot;yes&quot;,&quot;_ob_bbad_sssic_use&quot;:&quot;no&quot;}\">\n\t\t\t\t\t\t<div class=\"elementor-container elementor-column-gap-default\">\n\t\t\t\t\t<div class=\"elementor-column elementor-col-100 elementor-top-column elementor-element elementor-element-74a335a elementor-invisible\" data-id=\"74a335a\" data-element_type=\"column\" data-e-type=\"column\" data-settings=\"{&quot;animation&quot;:&quot;fadeInUp&quot;,&quot;_ob_bbad_is_stalker&quot;:&quot;no&quot;,&quot;_ob_column_has_pseudo&quot;:&quot;no&quot;}\">\n\t\t\t<div class=\"elementor-widget-wrap elementor-element-populated\">\n\t\t\t\t\t\t<div class=\"elementor-element elementor-element-1ad1eff custom-text-box ob-harakiri-inherit ob-has-background-overlay elementor-widget elementor-widget-text-editor\" data-id=\"1ad1eff\" data-element_type=\"widget\" data-e-type=\"widget\" data-settings=\"{&quot;_ob_use_harakiri&quot;:&quot;yes&quot;,&quot;_ob_harakiri_writing_mode&quot;:&quot;inherit&quot;,&quot;_ob_poopart_use&quot;:&quot;yes&quot;}\" data-widget_type=\"text-editor.default\">\n\t\t\t\t<div class=\"elementor-widget-container\">\n\t\t\t\t\t\t\t\t\t<p>The Economic Office of Galicia makes available to you various grants for companies and entrepreneurs in the process of launching their business initiatives, as well as facilitating their implementation, or improving their competitiveness or growth. Here you can find information in the form of incentives and financing about the possible support that exists for your business project, offering grants adjusted to the real needs of the companies regardless their legal form or size.<\/p>\n\t\t\t\t\t\t\t\t<\/div>\n\t\t\t\t<\/div>\n\t\t\t\t<div class=\"elementor-element elementor-element-20fed29 ob-harakiri-inherit ob-has-background-overlay elementor-widget elementor-widget-heading\" data-id=\"20fed29\" data-element_type=\"widget\" data-e-type=\"widget\" data-settings=\"{&quot;_ob_use_harakiri&quot;:&quot;yes&quot;,&quot;_ob_harakiri_writing_mode&quot;:&quot;inherit&quot;,&quot;_ob_harakiri_text_clip&quot;:&quot;none&quot;,&quot;_ob_poopart_use&quot;:&quot;yes&quot;}\" data-widget_type=\"heading.default\">\n\t\t\t\t<div class=\"elementor-widget-container\">\n\t\t\t\t\t<h4 class=\"elementor-heading-title elementor-size-default\">Through one channel, one single window.<\/h4>\t\t\t\t<\/div>\n\t\t\t\t<\/div>\n\t\t\t\t\t<\/div>\n\t\t<\/div>\n\t\t\t\t\t<\/div>\n\t\t<\/section>\n\t\t\t\t<section class=\"ob-is-breaking-bad elementor-section elementor-top-section elementor-element elementor-element-a119846 elementor-section-full_width elementor-section-height-default elementor-section-height-default\" data-id=\"a119846\" data-element_type=\"section\" data-e-type=\"section\" data-settings=\"{&quot;background_background&quot;:&quot;classic&quot;,&quot;_ob_bbad_use_it&quot;:&quot;yes&quot;,&quot;_ob_bbad_sssic_use&quot;:&quot;no&quot;}\">\n\t\t\t\t\t\t<div class=\"elementor-container elementor-column-gap-no\">\n\t\t\t\t\t<div class=\"elementor-column elementor-col-100 elementor-top-column elementor-element elementor-element-3fba383 elementor-invisible\" data-id=\"3fba383\" data-element_type=\"column\" data-e-type=\"column\" data-settings=\"{&quot;animation&quot;:&quot;fadeInUp&quot;,&quot;_ob_bbad_is_stalker&quot;:&quot;no&quot;,&quot;_ob_column_has_pseudo&quot;:&quot;no&quot;}\">\n\t\t\t<div class=\"elementor-widget-wrap elementor-element-populated\">\n\t\t\t\t\t\t<div class=\"elementor-element elementor-element-3514c55 ob-has-background-overlay elementor-widget elementor-widget-html\" data-id=\"3514c55\" data-element_type=\"widget\" data-e-type=\"widget\" data-settings=\"{&quot;_ob_poopart_use&quot;:&quot;yes&quot;}\" data-widget_type=\"html.default\">\n\t\t\t\t<div class=\"elementor-widget-container\">\n\t\t\t\t\t<iframe src=\"\/\/buscador-subvencions.xunta.gal\/en\/buscador-subvencions-iframe\" style=\"border: none; width: 100%; height: 100vh;\"><\/iframe>\r\n\t\t\t\t<\/div>\n\t\t\t\t<\/div>\n\t\t\t\t\t<\/div>\n\t\t<\/div>\n\t\t\t\t\t<\/div>\n\t\t<\/section>\n\t\t\t\t<section class=\"ob-is-breaking-bad elementor-section elementor-top-section elementor-element elementor-element-a7a792b elementor-hidden-desktop elementor-hidden-tablet elementor-hidden-mobile elementor-section-boxed elementor-section-height-default elementor-section-height-default\" data-id=\"a7a792b\" data-element_type=\"section\" data-e-type=\"section\" data-settings=\"{&quot;background_background&quot;:&quot;classic&quot;,&quot;_ob_bbad_use_it&quot;:&quot;yes&quot;,&quot;_ob_bbad_sssic_use&quot;:&quot;no&quot;}\">\n\t\t\t\t\t\t<div class=\"elementor-container elementor-column-gap-default\">\n\t\t\t\t\t<div class=\"elementor-column elementor-col-100 elementor-top-column elementor-element elementor-element-0567fcf elementor-invisible\" data-id=\"0567fcf\" data-element_type=\"column\" data-e-type=\"column\" data-settings=\"{&quot;animation&quot;:&quot;fadeInUp&quot;,&quot;_ob_bbad_is_stalker&quot;:&quot;no&quot;,&quot;_ob_column_has_pseudo&quot;:&quot;no&quot;}\">\n\t\t\t<div class=\"elementor-widget-wrap elementor-element-populated\">\n\t\t\t\t\t\t<div class=\"elementor-element elementor-element-5acc27f elementor-arrows-position-inside elementor-pagination-position-outside ob-has-background-overlay elementor-widget elementor-widget-image-carousel\" data-id=\"5acc27f\" data-element_type=\"widget\" data-e-type=\"widget\" data-settings=\"{&quot;slides_to_show&quot;:&quot;1&quot;,&quot;navigation&quot;:&quot;both&quot;,&quot;autoplay&quot;:&quot;yes&quot;,&quot;pause_on_hover&quot;:&quot;yes&quot;,&quot;pause_on_interaction&quot;:&quot;yes&quot;,&quot;autoplay_speed&quot;:5000,&quot;infinite&quot;:&quot;yes&quot;,&quot;effect&quot;:&quot;slide&quot;,&quot;speed&quot;:500,&quot;_ob_poopart_use&quot;:&quot;yes&quot;}\" data-widget_type=\"image-carousel.default\">\n\t\t\t\t<div class=\"elementor-widget-container\">\n\t\t\t\t\t\t\t<div class=\"elementor-image-carousel-wrapper swiper\" role=\"region\" aria-roledescription=\"carousel\" aria-label=\"Image Carousel\" dir=\"ltr\">\n\t\t\t<div class=\"elementor-image-carousel swiper-wrapper swiper-image-stretch\" aria-live=\"off\">\n\t\t\t\t\t\t\t\t<div class=\"swiper-slide\" role=\"group\" aria-roledescription=\"slide\" aria-label=\"1 of 1\"><a data-elementor-open-lightbox=\"yes\" data-elementor-lightbox-slideshow=\"5acc27f\" data-elementor-lightbox-title=\"buscador axudas\" data-e-action-hash=\"#elementor-action%3Aaction%3Dlightbox%26settings%3DeyJpZCI6MTAwODAsInVybCI6Imh0dHBzOlwvXC9vZmljaW5hZWNvbm9taWNhZ2FsaWNpYS54dW50YS5nYWxcL3dwLWNvbnRlbnRcL3VwbG9hZHNcLzIwMjRcLzA4XC9idXNjYWRvci1heHVkYXMuc3ZnIiwic2xpZGVzaG93IjoiNWFjYzI3ZiJ9\" href=\"https:\/\/buscador-subvencions.xunta.gal\/en\/buscador-subvencions-iframe\" target=\"_blank\"><figure class=\"swiper-slide-inner\"><img decoding=\"async\" class=\"swiper-slide-image\" src=\"https:\/\/oficinaeconomicagalicia.xunta.gal\/wp-content\/uploads\/2024\/08\/buscador-axudas.svg\" alt=\"buscador axudas\" \/><\/figure><\/a><\/div>\t\t\t<\/div>\n\t\t\t\t\t<\/div>\n\t\t\t\t\t\t<\/div>\n\t\t\t\t<\/div>\n\t\t\t\t\t<\/div>\n\t\t<\/div>\n\t\t\t\t\t<\/div>\n\t\t<\/section>\n\t\t\t\t<\/div>\n\t\t","protected":false},"excerpt":{"rendered":"<p>Home Public support grants The Economic Office of Galicia makes available to you various grants for companies and entrepreneurs in the process of launching their business initiatives, as well as facilitating their implementation, or improving their competitiveness or growth. Here you can find information in the form of incentives and financing about the possible support [&hellip;]<\/p>\n","protected":false},"author":3,"featured_media":10074,"parent":11079,"menu_order":4,"comment_status":"closed","ping_status":"closed","template":"","meta":{"inline_featured_image":false,"footnotes":""},"categorias_paxinas":[49],"class_list":["post-11077","page","type-page","status-publish","has-post-thumbnail","hentry","categorias_paxinas-apoios-publicos-en"],"yoast_head":"<!-- This site is optimized with the Yoast SEO plugin v27.3 - https:\/\/yoast.com\/product\/yoast-seo-wordpress\/ -->\n<title>Grants - Oficina Econ\u00f3mica de Galicia<\/title>\n<meta name=\"robots\" content=\"index, follow, max-snippet:-1, max-image-preview:large, max-video-preview:-1\" \/>\n<link rel=\"canonical\" href=\"https:\/\/oficinaeconomicagalicia.xunta.gal\/apoios-publicos\/axudas\/\" \/>\n<meta property=\"og:locale\" content=\"en_US\" \/>\n<meta property=\"og:type\" content=\"article\" \/>\n<meta property=\"og:title\" content=\"Grants - Oficina Econ\u00f3mica de Galicia\" \/>\n<meta property=\"og:description\" content=\"Home Public support grants The Economic Office of Galicia makes available to you various grants for companies and entrepreneurs in the process of launching their business initiatives, as well as facilitating their implementation, or improving their competitiveness or growth. Here you can find information in the form of incentives and financing about the possible support [&hellip;]\" \/>\n<meta property=\"og:url\" content=\"https:\/\/oficinaeconomicagalicia.xunta.gal\/apoios-publicos\/axudas\/\" \/>\n<meta property=\"og:site_name\" content=\"Oficina Econ\u00f3mica de Galicia\" \/>\n<meta property=\"article:publisher\" content=\"https:\/\/www.facebook.com\/OficinaEconomicadeGalicia\/\" \/>\n<meta property=\"article:modified_time\" content=\"2024-11-21T09:41:54+00:00\" \/>\n<meta property=\"og:image\" content=\"https:\/\/oficinaeconomicagalicia.xunta.gal\/wp-content\/uploads\/2024\/08\/smartphone-screen-growing-piles-coins-chart-positive-indicators-his-business.jpg\" \/>\n\t<meta property=\"og:image:width\" content=\"1920\" \/>\n\t<meta property=\"og:image:height\" content=\"945\" \/>\n\t<meta property=\"og:image:type\" content=\"image\/jpeg\" \/>\n<meta name=\"twitter:card\" content=\"summary_large_image\" \/>\n<script type=\"application\/ld+json\" class=\"yoast-schema-graph\">{\"@context\":\"https:\\\/\\\/schema.org\",\"@graph\":[{\"@type\":\"WebPage\",\"@id\":\"https:\\\/\\\/oficinaeconomicagalicia.xunta.gal\\\/apoios-publicos\\\/axudas\\\/\",\"url\":\"https:\\\/\\\/oficinaeconomicagalicia.xunta.gal\\\/apoios-publicos\\\/axudas\\\/\",\"name\":\"Grants - Oficina Econ\u00f3mica de Galicia\",\"isPartOf\":{\"@id\":\"https:\\\/\\\/oficinaeconomicagalicia.xunta.gal\\\/#website\"},\"primaryImageOfPage\":{\"@id\":\"https:\\\/\\\/oficinaeconomicagalicia.xunta.gal\\\/apoios-publicos\\\/axudas\\\/#primaryimage\"},\"image\":{\"@id\":\"https:\\\/\\\/oficinaeconomicagalicia.xunta.gal\\\/apoios-publicos\\\/axudas\\\/#primaryimage\"},\"thumbnailUrl\":\"https:\\\/\\\/oficinaeconomicagalicia.xunta.gal\\\/wp-content\\\/uploads\\\/2024\\\/08\\\/smartphone-screen-growing-piles-coins-chart-positive-indicators-his-business.jpg\",\"datePublished\":\"2024-08-14T15:19:52+00:00\",\"dateModified\":\"2024-11-21T09:41:54+00:00\",\"breadcrumb\":{\"@id\":\"https:\\\/\\\/oficinaeconomicagalicia.xunta.gal\\\/apoios-publicos\\\/axudas\\\/#breadcrumb\"},\"inLanguage\":\"en-US\",\"potentialAction\":[{\"@type\":\"ReadAction\",\"target\":[\"https:\\\/\\\/oficinaeconomicagalicia.xunta.gal\\\/apoios-publicos\\\/axudas\\\/\"]}]},{\"@type\":\"ImageObject\",\"inLanguage\":\"en-US\",\"@id\":\"https:\\\/\\\/oficinaeconomicagalicia.xunta.gal\\\/apoios-publicos\\\/axudas\\\/#primaryimage\",\"url\":\"https:\\\/\\\/oficinaeconomicagalicia.xunta.gal\\\/wp-content\\\/uploads\\\/2024\\\/08\\\/smartphone-screen-growing-piles-coins-chart-positive-indicators-his-business.jpg\",\"contentUrl\":\"https:\\\/\\\/oficinaeconomicagalicia.xunta.gal\\\/wp-content\\\/uploads\\\/2024\\\/08\\\/smartphone-screen-growing-piles-coins-chart-positive-indicators-his-business.jpg\",\"width\":1920,\"height\":945},{\"@type\":\"BreadcrumbList\",\"@id\":\"https:\\\/\\\/oficinaeconomicagalicia.xunta.gal\\\/apoios-publicos\\\/axudas\\\/#breadcrumb\",\"itemListElement\":[{\"@type\":\"ListItem\",\"position\":1,\"name\":\"Inicio\",\"item\":\"https:\\\/\\\/oficinaeconomicagalicia.xunta.gal\\\/\"},{\"@type\":\"ListItem\",\"position\":2,\"name\":\"Public grants\",\"item\":\"https:\\\/\\\/oficinaeconomicagalicia.xunta.gal\\\/apoios-publicos\\\/\"},{\"@type\":\"ListItem\",\"position\":3,\"name\":\"Grants\"}]},{\"@type\":\"WebSite\",\"@id\":\"https:\\\/\\\/oficinaeconomicagalicia.xunta.gal\\\/#website\",\"url\":\"https:\\\/\\\/oficinaeconomicagalicia.xunta.gal\\\/\",\"name\":\"Oficina Econ\u00f3mica de Galicia\",\"description\":\"Convertir calquera tr\u00e1mite nun mero tr\u00e1mite\",\"publisher\":{\"@id\":\"https:\\\/\\\/oficinaeconomicagalicia.xunta.gal\\\/#organization\"},\"potentialAction\":[{\"@type\":\"SearchAction\",\"target\":{\"@type\":\"EntryPoint\",\"urlTemplate\":\"https:\\\/\\\/oficinaeconomicagalicia.xunta.gal\\\/?s={search_term_string}\"},\"query-input\":{\"@type\":\"PropertyValueSpecification\",\"valueRequired\":true,\"valueName\":\"search_term_string\"}}],\"inLanguage\":\"en-US\"},{\"@type\":\"Organization\",\"@id\":\"https:\\\/\\\/oficinaeconomicagalicia.xunta.gal\\\/#organization\",\"name\":\"Oficina Econ\u00f3mica de Galicia\",\"alternateName\":\"OEG\",\"url\":\"https:\\\/\\\/oficinaeconomicagalicia.xunta.gal\\\/\",\"logo\":{\"@type\":\"ImageObject\",\"inLanguage\":\"en-US\",\"@id\":\"https:\\\/\\\/oficinaeconomicagalicia.xunta.gal\\\/#\\\/schema\\\/logo\\\/image\\\/\",\"url\":\"https:\\\/\\\/oficinaeconomicagalicia.xunta.gal\\\/wp-content\\\/uploads\\\/2023\\\/04\\\/marca-OEG-cor.svg\",\"contentUrl\":\"https:\\\/\\\/oficinaeconomicagalicia.xunta.gal\\\/wp-content\\\/uploads\\\/2023\\\/04\\\/marca-OEG-cor.svg\",\"width\":375.2,\"height\":67,\"caption\":\"Oficina Econ\u00f3mica de Galicia\"},\"image\":{\"@id\":\"https:\\\/\\\/oficinaeconomicagalicia.xunta.gal\\\/#\\\/schema\\\/logo\\\/image\\\/\"},\"sameAs\":[\"https:\\\/\\\/www.facebook.com\\\/OficinaEconomicadeGalicia\\\/\",\"https:\\\/\\\/www.linkedin.com\\\/company\\\/oficina-economica-de-galicia\\\/\"]}]}<\/script>\n<!-- \/ Yoast SEO plugin. -->","yoast_head_json":{"title":"Grants - Oficina Econ\u00f3mica de Galicia","robots":{"index":"index","follow":"follow","max-snippet":"max-snippet:-1","max-image-preview":"max-image-preview:large","max-video-preview":"max-video-preview:-1"},"canonical":"https:\/\/oficinaeconomicagalicia.xunta.gal\/apoios-publicos\/axudas\/","og_locale":"en_US","og_type":"article","og_title":"Grants - Oficina Econ\u00f3mica de Galicia","og_description":"Home Public support grants The Economic Office of Galicia makes available to you various grants for companies and entrepreneurs in the process of launching their business initiatives, as well as facilitating their implementation, or improving their competitiveness or growth. Here you can find information in the form of incentives and financing about the possible support [&hellip;]","og_url":"https:\/\/oficinaeconomicagalicia.xunta.gal\/apoios-publicos\/axudas\/","og_site_name":"Oficina Econ\u00f3mica de Galicia","article_publisher":"https:\/\/www.facebook.com\/OficinaEconomicadeGalicia\/","article_modified_time":"2024-11-21T09:41:54+00:00","og_image":[{"width":1920,"height":945,"url":"https:\/\/oficinaeconomicagalicia.xunta.gal\/wp-content\/uploads\/2024\/08\/smartphone-screen-growing-piles-coins-chart-positive-indicators-his-business.jpg","type":"image\/jpeg"}],"twitter_card":"summary_large_image","schema":{"@context":"https:\/\/schema.org","@graph":[{"@type":"WebPage","@id":"https:\/\/oficinaeconomicagalicia.xunta.gal\/apoios-publicos\/axudas\/","url":"https:\/\/oficinaeconomicagalicia.xunta.gal\/apoios-publicos\/axudas\/","name":"Grants - Oficina Econ\u00f3mica de Galicia","isPartOf":{"@id":"https:\/\/oficinaeconomicagalicia.xunta.gal\/#website"},"primaryImageOfPage":{"@id":"https:\/\/oficinaeconomicagalicia.xunta.gal\/apoios-publicos\/axudas\/#primaryimage"},"image":{"@id":"https:\/\/oficinaeconomicagalicia.xunta.gal\/apoios-publicos\/axudas\/#primaryimage"},"thumbnailUrl":"https:\/\/oficinaeconomicagalicia.xunta.gal\/wp-content\/uploads\/2024\/08\/smartphone-screen-growing-piles-coins-chart-positive-indicators-his-business.jpg","datePublished":"2024-08-14T15:19:52+00:00","dateModified":"2024-11-21T09:41:54+00:00","breadcrumb":{"@id":"https:\/\/oficinaeconomicagalicia.xunta.gal\/apoios-publicos\/axudas\/#breadcrumb"},"inLanguage":"en-US","potentialAction":[{"@type":"ReadAction","target":["https:\/\/oficinaeconomicagalicia.xunta.gal\/apoios-publicos\/axudas\/"]}]},{"@type":"ImageObject","inLanguage":"en-US","@id":"https:\/\/oficinaeconomicagalicia.xunta.gal\/apoios-publicos\/axudas\/#primaryimage","url":"https:\/\/oficinaeconomicagalicia.xunta.gal\/wp-content\/uploads\/2024\/08\/smartphone-screen-growing-piles-coins-chart-positive-indicators-his-business.jpg","contentUrl":"https:\/\/oficinaeconomicagalicia.xunta.gal\/wp-content\/uploads\/2024\/08\/smartphone-screen-growing-piles-coins-chart-positive-indicators-his-business.jpg","width":1920,"height":945},{"@type":"BreadcrumbList","@id":"https:\/\/oficinaeconomicagalicia.xunta.gal\/apoios-publicos\/axudas\/#breadcrumb","itemListElement":[{"@type":"ListItem","position":1,"name":"Inicio","item":"https:\/\/oficinaeconomicagalicia.xunta.gal\/"},{"@type":"ListItem","position":2,"name":"Public grants","item":"https:\/\/oficinaeconomicagalicia.xunta.gal\/apoios-publicos\/"},{"@type":"ListItem","position":3,"name":"Grants"}]},{"@type":"WebSite","@id":"https:\/\/oficinaeconomicagalicia.xunta.gal\/#website","url":"https:\/\/oficinaeconomicagalicia.xunta.gal\/","name":"Oficina Econ\u00f3mica de Galicia","description":"Convertir calquera tr\u00e1mite nun mero tr\u00e1mite","publisher":{"@id":"https:\/\/oficinaeconomicagalicia.xunta.gal\/#organization"},"potentialAction":[{"@type":"SearchAction","target":{"@type":"EntryPoint","urlTemplate":"https:\/\/oficinaeconomicagalicia.xunta.gal\/?s={search_term_string}"},"query-input":{"@type":"PropertyValueSpecification","valueRequired":true,"valueName":"search_term_string"}}],"inLanguage":"en-US"},{"@type":"Organization","@id":"https:\/\/oficinaeconomicagalicia.xunta.gal\/#organization","name":"Oficina Econ\u00f3mica de Galicia","alternateName":"OEG","url":"https:\/\/oficinaeconomicagalicia.xunta.gal\/","logo":{"@type":"ImageObject","inLanguage":"en-US","@id":"https:\/\/oficinaeconomicagalicia.xunta.gal\/#\/schema\/logo\/image\/","url":"https:\/\/oficinaeconomicagalicia.xunta.gal\/wp-content\/uploads\/2023\/04\/marca-OEG-cor.svg","contentUrl":"https:\/\/oficinaeconomicagalicia.xunta.gal\/wp-content\/uploads\/2023\/04\/marca-OEG-cor.svg","width":375.2,"height":67,"caption":"Oficina Econ\u00f3mica de Galicia"},"image":{"@id":"https:\/\/oficinaeconomicagalicia.xunta.gal\/#\/schema\/logo\/image\/"},"sameAs":["https:\/\/www.facebook.com\/OficinaEconomicadeGalicia\/","https:\/\/www.linkedin.com\/company\/oficina-economica-de-galicia\/"]}]}},"_links":{"self":[{"href":"https:\/\/oficinaeconomicagalicia.xunta.gal\/en\/wp-json\/wp\/v2\/pages\/11077","targetHints":{"allow":["GET"]}}],"collection":[{"href":"https:\/\/oficinaeconomicagalicia.xunta.gal\/en\/wp-json\/wp\/v2\/pages"}],"about":[{"href":"https:\/\/oficinaeconomicagalicia.xunta.gal\/en\/wp-json\/wp\/v2\/types\/page"}],"author":[{"embeddable":true,"href":"https:\/\/oficinaeconomicagalicia.xunta.gal\/en\/wp-json\/wp\/v2\/users\/3"}],"replies":[{"embeddable":true,"href":"https:\/\/oficinaeconomicagalicia.xunta.gal\/en\/wp-json\/wp\/v2\/comments?post=11077"}],"version-history":[{"count":3,"href":"https:\/\/oficinaeconomicagalicia.xunta.gal\/en\/wp-json\/wp\/v2\/pages\/11077\/revisions"}],"predecessor-version":[{"id":11455,"href":"https:\/\/oficinaeconomicagalicia.xunta.gal\/en\/wp-json\/wp\/v2\/pages\/11077\/revisions\/11455"}],"up":[{"embeddable":true,"href":"https:\/\/oficinaeconomicagalicia.xunta.gal\/en\/wp-json\/wp\/v2\/pages\/11079"}],"wp:featuredmedia":[{"embeddable":true,"href":"https:\/\/oficinaeconomicagalicia.xunta.gal\/en\/wp-json\/wp\/v2\/media\/10074"}],"wp:attachment":[{"href":"https:\/\/oficinaeconomicagalicia.xunta.gal\/en\/wp-json\/wp\/v2\/media?parent=11077"}],"wp:term":[{"taxonomy":"categorias_paxinas","embeddable":true,"href":"https:\/\/oficinaeconomicagalicia.xunta.gal\/en\/wp-json\/wp\/v2\/categorias_paxinas?post=11077"}],"curies":[{"name":"wp","href":"https:\/\/api.w.org\/{rel}","templated":true}]}}