{"id":15141,"date":"2025-05-16T14:10:44","date_gmt":"2025-05-16T12:10:44","guid":{"rendered":"https:\/\/oficinaeconomicagalicia.xunta.gal\/aranceles-ee-uu\/"},"modified":"2025-05-16T14:18:33","modified_gmt":"2025-05-16T12:18:33","slug":"aranceles-ee-uu","status":"publish","type":"page","link":"https:\/\/oficinaeconomicagalicia.xunta.gal\/es\/aranceles-ee-uu\/","title":{"rendered":"Aranceles EE.UU."},"content":{"rendered":"\t\t<div data-elementor-type=\"wp-page\" data-elementor-id=\"15141\" class=\"elementor elementor-15141 elementor-15135\" data-elementor-post-type=\"page\">\n\t\t\t\t\t\t<section class=\"ob-is-breaking-bad elementor-section elementor-top-section elementor-element elementor-element-2d7dad3 elementor-section-boxed elementor-section-height-default elementor-section-height-default\" data-id=\"2d7dad3\" data-element_type=\"section\" data-e-type=\"section\" data-settings=\"{&quot;_ob_bbad_use_it&quot;:&quot;yes&quot;,&quot;_ob_bbad_sssic_use&quot;:&quot;no&quot;}\">\n\t\t\t\t\t\t<div class=\"elementor-container elementor-column-gap-no\">\n\t\t\t\t\t<div class=\"elementor-column elementor-col-100 elementor-top-column elementor-element elementor-element-764d9a7\" data-id=\"764d9a7\" data-element_type=\"column\" data-e-type=\"column\" data-settings=\"{&quot;_ob_bbad_is_stalker&quot;:&quot;no&quot;,&quot;_ob_column_has_pseudo&quot;:&quot;no&quot;}\">\n\t\t\t<div class=\"elementor-widget-wrap elementor-element-populated\">\n\t\t\t\t\t\t<div class=\"elementor-element elementor-element-177d949 ob-has-background-overlay elementor-widget elementor-widget-html\" data-id=\"177d949\" data-element_type=\"widget\" data-e-type=\"widget\" data-settings=\"{&quot;_ob_poopart_use&quot;:&quot;yes&quot;}\" data-widget_type=\"html.default\">\n\t\t\t\t<div class=\"elementor-widget-container\">\n\t\t\t\t\t<script type=\"text\/javascript\">\r\njQuery(document).ready(function($) {\r\n    \/\/ Redirige a la URL deseada\r\n    window.location.href = \"https:\/\/asesoramento-oficinaeconomica.igape.es\/inquiry\/es\/stepper\/?axisId=1&scopeId=30\";\r\n});\r\n<\/script><br>\t\t\t\t<\/div>\n\t\t\t\t<\/div>\n\t\t\t\t\t<\/div>\n\t\t<\/div>\n\t\t\t\t\t<\/div>\n\t\t<\/section>\n\t\t\t\t<\/div>\n\t\t","protected":false},"excerpt":{"rendered":"","protected":false},"author":3,"featured_media":0,"parent":0,"menu_order":0,"comment_status":"closed","ping_status":"closed","template":"elementor_canvas","meta":{"inline_featured_image":false,"footnotes":""},"categorias_paxinas":[],"class_list":["post-15141","page","type-page","status-publish","hentry"],"yoast_head":"<!-- This site is optimized with the Yoast SEO plugin v27.4 - https:\/\/yoast.com\/product\/yoast-seo-wordpress\/ -->\n<title>Aranceles EE.UU. - Oficina Econ\u00f3mica de Galicia<\/title>\n<meta name=\"robots\" content=\"index, follow, max-snippet:-1, max-image-preview:large, max-video-preview:-1\" \/>\n<link rel=\"canonical\" href=\"https:\/\/oficinaeconomicagalicia.xunta.gal\/aranceis-eua\/\" \/>\n<meta property=\"og:locale\" content=\"es_ES\" \/>\n<meta property=\"og:type\" content=\"article\" \/>\n<meta property=\"og:title\" content=\"Aranceles EE.UU. - Oficina Econ\u00f3mica de Galicia\" \/>\n<meta property=\"og:url\" content=\"https:\/\/oficinaeconomicagalicia.xunta.gal\/aranceis-eua\/\" \/>\n<meta property=\"og:site_name\" content=\"Oficina Econ\u00f3mica de Galicia\" \/>\n<meta property=\"article:publisher\" content=\"https:\/\/www.facebook.com\/OficinaEconomicadeGalicia\/\" \/>\n<meta property=\"article:modified_time\" content=\"2025-05-16T12:18:33+00:00\" \/>\n<meta name=\"twitter:card\" content=\"summary_large_image\" \/>\n<script type=\"application\/ld+json\" class=\"yoast-schema-graph\">{\"@context\":\"https:\\\/\\\/schema.org\",\"@graph\":[{\"@type\":\"WebPage\",\"@id\":\"https:\\\/\\\/oficinaeconomicagalicia.xunta.gal\\\/aranceis-eua\\\/\",\"url\":\"https:\\\/\\\/oficinaeconomicagalicia.xunta.gal\\\/aranceis-eua\\\/\",\"name\":\"Aranceles EE.UU. - Oficina Econ\u00f3mica de Galicia\",\"isPartOf\":{\"@id\":\"https:\\\/\\\/oficinaeconomicagalicia.xunta.gal\\\/#website\"},\"datePublished\":\"2025-05-16T12:10:44+00:00\",\"dateModified\":\"2025-05-16T12:18:33+00:00\",\"breadcrumb\":{\"@id\":\"https:\\\/\\\/oficinaeconomicagalicia.xunta.gal\\\/aranceis-eua\\\/#breadcrumb\"},\"inLanguage\":\"es\",\"potentialAction\":[{\"@type\":\"ReadAction\",\"target\":[\"https:\\\/\\\/oficinaeconomicagalicia.xunta.gal\\\/aranceis-eua\\\/\"]}]},{\"@type\":\"BreadcrumbList\",\"@id\":\"https:\\\/\\\/oficinaeconomicagalicia.xunta.gal\\\/aranceis-eua\\\/#breadcrumb\",\"itemListElement\":[{\"@type\":\"ListItem\",\"position\":1,\"name\":\"Inicio\",\"item\":\"https:\\\/\\\/oficinaeconomicagalicia.xunta.gal\\\/\"},{\"@type\":\"ListItem\",\"position\":2,\"name\":\"Aranceles EE.UU.\"}]},{\"@type\":\"WebSite\",\"@id\":\"https:\\\/\\\/oficinaeconomicagalicia.xunta.gal\\\/#website\",\"url\":\"https:\\\/\\\/oficinaeconomicagalicia.xunta.gal\\\/\",\"name\":\"Oficina Econ\u00f3mica de Galicia\",\"description\":\"Convertir calquera tr\u00e1mite nun mero tr\u00e1mite\",\"publisher\":{\"@id\":\"https:\\\/\\\/oficinaeconomicagalicia.xunta.gal\\\/#organization\"},\"potentialAction\":[{\"@type\":\"SearchAction\",\"target\":{\"@type\":\"EntryPoint\",\"urlTemplate\":\"https:\\\/\\\/oficinaeconomicagalicia.xunta.gal\\\/?s={search_term_string}\"},\"query-input\":{\"@type\":\"PropertyValueSpecification\",\"valueRequired\":true,\"valueName\":\"search_term_string\"}}],\"inLanguage\":\"es\"},{\"@type\":\"Organization\",\"@id\":\"https:\\\/\\\/oficinaeconomicagalicia.xunta.gal\\\/#organization\",\"name\":\"Oficina Econ\u00f3mica de Galicia\",\"alternateName\":\"OEG\",\"url\":\"https:\\\/\\\/oficinaeconomicagalicia.xunta.gal\\\/\",\"logo\":{\"@type\":\"ImageObject\",\"inLanguage\":\"es\",\"@id\":\"https:\\\/\\\/oficinaeconomicagalicia.xunta.gal\\\/#\\\/schema\\\/logo\\\/image\\\/\",\"url\":\"https:\\\/\\\/oficinaeconomicagalicia.xunta.gal\\\/wp-content\\\/uploads\\\/2023\\\/04\\\/xunta.svg\",\"contentUrl\":\"https:\\\/\\\/oficinaeconomicagalicia.xunta.gal\\\/wp-content\\\/uploads\\\/2023\\\/04\\\/xunta.svg\",\"width\":5952.76,\"height\":1700.79,\"caption\":\"Oficina Econ\u00f3mica de Galicia\"},\"image\":{\"@id\":\"https:\\\/\\\/oficinaeconomicagalicia.xunta.gal\\\/#\\\/schema\\\/logo\\\/image\\\/\"},\"sameAs\":[\"https:\\\/\\\/www.facebook.com\\\/OficinaEconomicadeGalicia\\\/\",\"https:\\\/\\\/www.linkedin.com\\\/company\\\/oficina-economica-de-galicia\\\/\"]}]}<\/script>\n<!-- \/ Yoast SEO plugin. -->","yoast_head_json":{"title":"Aranceles EE.UU. - Oficina Econ\u00f3mica de Galicia","robots":{"index":"index","follow":"follow","max-snippet":"max-snippet:-1","max-image-preview":"max-image-preview:large","max-video-preview":"max-video-preview:-1"},"canonical":"https:\/\/oficinaeconomicagalicia.xunta.gal\/aranceis-eua\/","og_locale":"es_ES","og_type":"article","og_title":"Aranceles EE.UU. - Oficina Econ\u00f3mica de Galicia","og_url":"https:\/\/oficinaeconomicagalicia.xunta.gal\/aranceis-eua\/","og_site_name":"Oficina Econ\u00f3mica de Galicia","article_publisher":"https:\/\/www.facebook.com\/OficinaEconomicadeGalicia\/","article_modified_time":"2025-05-16T12:18:33+00:00","twitter_card":"summary_large_image","schema":{"@context":"https:\/\/schema.org","@graph":[{"@type":"WebPage","@id":"https:\/\/oficinaeconomicagalicia.xunta.gal\/aranceis-eua\/","url":"https:\/\/oficinaeconomicagalicia.xunta.gal\/aranceis-eua\/","name":"Aranceles EE.UU. - Oficina Econ\u00f3mica de Galicia","isPartOf":{"@id":"https:\/\/oficinaeconomicagalicia.xunta.gal\/#website"},"datePublished":"2025-05-16T12:10:44+00:00","dateModified":"2025-05-16T12:18:33+00:00","breadcrumb":{"@id":"https:\/\/oficinaeconomicagalicia.xunta.gal\/aranceis-eua\/#breadcrumb"},"inLanguage":"es","potentialAction":[{"@type":"ReadAction","target":["https:\/\/oficinaeconomicagalicia.xunta.gal\/aranceis-eua\/"]}]},{"@type":"BreadcrumbList","@id":"https:\/\/oficinaeconomicagalicia.xunta.gal\/aranceis-eua\/#breadcrumb","itemListElement":[{"@type":"ListItem","position":1,"name":"Inicio","item":"https:\/\/oficinaeconomicagalicia.xunta.gal\/"},{"@type":"ListItem","position":2,"name":"Aranceles EE.UU."}]},{"@type":"WebSite","@id":"https:\/\/oficinaeconomicagalicia.xunta.gal\/#website","url":"https:\/\/oficinaeconomicagalicia.xunta.gal\/","name":"Oficina Econ\u00f3mica de Galicia","description":"Convertir calquera tr\u00e1mite nun mero tr\u00e1mite","publisher":{"@id":"https:\/\/oficinaeconomicagalicia.xunta.gal\/#organization"},"potentialAction":[{"@type":"SearchAction","target":{"@type":"EntryPoint","urlTemplate":"https:\/\/oficinaeconomicagalicia.xunta.gal\/?s={search_term_string}"},"query-input":{"@type":"PropertyValueSpecification","valueRequired":true,"valueName":"search_term_string"}}],"inLanguage":"es"},{"@type":"Organization","@id":"https:\/\/oficinaeconomicagalicia.xunta.gal\/#organization","name":"Oficina Econ\u00f3mica de Galicia","alternateName":"OEG","url":"https:\/\/oficinaeconomicagalicia.xunta.gal\/","logo":{"@type":"ImageObject","inLanguage":"es","@id":"https:\/\/oficinaeconomicagalicia.xunta.gal\/#\/schema\/logo\/image\/","url":"https:\/\/oficinaeconomicagalicia.xunta.gal\/wp-content\/uploads\/2023\/04\/xunta.svg","contentUrl":"https:\/\/oficinaeconomicagalicia.xunta.gal\/wp-content\/uploads\/2023\/04\/xunta.svg","width":5952.76,"height":1700.79,"caption":"Oficina Econ\u00f3mica de Galicia"},"image":{"@id":"https:\/\/oficinaeconomicagalicia.xunta.gal\/#\/schema\/logo\/image\/"},"sameAs":["https:\/\/www.facebook.com\/OficinaEconomicadeGalicia\/","https:\/\/www.linkedin.com\/company\/oficina-economica-de-galicia\/"]}]}},"_links":{"self":[{"href":"https:\/\/oficinaeconomicagalicia.xunta.gal\/es\/wp-json\/wp\/v2\/pages\/15141","targetHints":{"allow":["GET"]}}],"collection":[{"href":"https:\/\/oficinaeconomicagalicia.xunta.gal\/es\/wp-json\/wp\/v2\/pages"}],"about":[{"href":"https:\/\/oficinaeconomicagalicia.xunta.gal\/es\/wp-json\/wp\/v2\/types\/page"}],"author":[{"embeddable":true,"href":"https:\/\/oficinaeconomicagalicia.xunta.gal\/es\/wp-json\/wp\/v2\/users\/3"}],"replies":[{"embeddable":true,"href":"https:\/\/oficinaeconomicagalicia.xunta.gal\/es\/wp-json\/wp\/v2\/comments?post=15141"}],"version-history":[{"count":1,"href":"https:\/\/oficinaeconomicagalicia.xunta.gal\/es\/wp-json\/wp\/v2\/pages\/15141\/revisions"}],"predecessor-version":[{"id":15142,"href":"https:\/\/oficinaeconomicagalicia.xunta.gal\/es\/wp-json\/wp\/v2\/pages\/15141\/revisions\/15142"}],"wp:attachment":[{"href":"https:\/\/oficinaeconomicagalicia.xunta.gal\/es\/wp-json\/wp\/v2\/media?parent=15141"}],"wp:term":[{"taxonomy":"categorias_paxinas","embeddable":true,"href":"https:\/\/oficinaeconomicagalicia.xunta.gal\/es\/wp-json\/wp\/v2\/categorias_paxinas?post=15141"}],"curies":[{"name":"wp","href":"https:\/\/api.w.org\/{rel}","templated":true}]}}