{"id":16429,"date":"2024-09-28T19:35:37","date_gmt":"2024-09-28T17:35:37","guid":{"rendered":"https:\/\/oficinaeconomicagalicia.xunta.gal\/accesibilidad\/"},"modified":"2025-09-01T14:40:20","modified_gmt":"2025-09-01T12:40:20","slug":"accesibilidad","status":"publish","type":"page","link":"https:\/\/oficinaeconomicagalicia.xunta.gal\/es\/accesibilidad\/","title":{"rendered":"Accesibilidad"},"content":{"rendered":"\t\t<div data-elementor-type=\"wp-page\" data-elementor-id=\"16429\" class=\"elementor elementor-16429 elementor-10893\" data-elementor-post-type=\"page\">\n\t\t\t\t\t\t<section class=\"ob-is-breaking-bad elementor-section elementor-top-section elementor-element elementor-element-e899a9c elementor-section-full_width elementor-section-height-min-height elementor-section-items-stretch elementor-section-height-default\" data-id=\"e899a9c\" data-element_type=\"section\" data-e-type=\"section\" data-settings=\"{&quot;_ob_bbad_use_it&quot;:&quot;yes&quot;,&quot;_ob_bbad_sssic_use&quot;:&quot;no&quot;}\">\n\t\t\t\t\t\t<div class=\"elementor-container elementor-column-gap-no\">\n\t\t\t\t\t<div class=\"elementor-column elementor-col-100 elementor-top-column elementor-element elementor-element-13b7d79\" data-id=\"13b7d79\" data-element_type=\"column\" data-e-type=\"column\" data-settings=\"{&quot;background_background&quot;:&quot;classic&quot;,&quot;_ob_bbad_is_stalker&quot;:&quot;no&quot;,&quot;_ob_column_has_pseudo&quot;:&quot;no&quot;}\">\n\t\t\t<div class=\"elementor-widget-wrap elementor-element-populated\">\n\t\t\t\t\t\t<div class=\"elementor-element elementor-element-4965436 elementor-widget__width-auto ob-harakiri-inherit elementor-invisible ob-has-background-overlay elementor-widget elementor-widget-heading\" data-id=\"4965436\" data-element_type=\"widget\" data-e-type=\"widget\" data-settings=\"{&quot;_animation&quot;:&quot;fadeInDown&quot;,&quot;_ob_use_harakiri&quot;:&quot;yes&quot;,&quot;_ob_harakiri_writing_mode&quot;:&quot;inherit&quot;,&quot;_ob_harakiri_text_clip&quot;:&quot;none&quot;,&quot;_ob_poopart_use&quot;:&quot;yes&quot;}\" data-widget_type=\"heading.default\">\n\t\t\t\t<div class=\"elementor-widget-container\">\n\t\t\t\t\t<h2 class=\"elementor-heading-title elementor-size-default\">Accesibilidad<\/h2>\t\t\t\t<\/div>\n\t\t\t\t<\/div>\n\t\t\t\t<div class=\"elementor-element elementor-element-a1ead1f ob-has-background-overlay elementor-widget elementor-widget-spacer\" data-id=\"a1ead1f\" data-element_type=\"widget\" data-e-type=\"widget\" data-settings=\"{&quot;_ob_poopart_use&quot;:&quot;yes&quot;}\" data-widget_type=\"spacer.default\">\n\t\t\t\t<div class=\"elementor-widget-container\">\n\t\t\t\t\t\t\t<div class=\"elementor-spacer\">\n\t\t\t<div class=\"elementor-spacer-inner\"><\/div>\n\t\t<\/div>\n\t\t\t\t\t\t<\/div>\n\t\t\t\t<\/div>\n\t\t\t\t\t<\/div>\n\t\t<\/div>\n\t\t\t\t\t<\/div>\n\t\t<\/section>\n\t\t\t\t<section class=\"ob-is-breaking-bad elementor-section elementor-top-section elementor-element elementor-element-9de0063 elementor-hidden-desktop elementor-hidden-tablet elementor-hidden-mobile elementor-section-boxed elementor-section-height-default elementor-section-height-default\" data-id=\"9de0063\" data-element_type=\"section\" data-e-type=\"section\" data-settings=\"{&quot;background_background&quot;:&quot;classic&quot;,&quot;_ob_bbad_use_it&quot;:&quot;yes&quot;,&quot;_ob_bbad_sssic_use&quot;:&quot;no&quot;}\">\n\t\t\t\t\t\t<div class=\"elementor-container elementor-column-gap-default\">\n\t\t\t\t\t<div class=\"elementor-column elementor-col-100 elementor-top-column elementor-element elementor-element-b8d50e0\" data-id=\"b8d50e0\" data-element_type=\"column\" data-e-type=\"column\" data-settings=\"{&quot;_ob_bbad_is_stalker&quot;:&quot;no&quot;,&quot;_ob_column_has_pseudo&quot;:&quot;no&quot;}\">\n\t\t\t<div class=\"elementor-widget-wrap elementor-element-populated\">\n\t\t\t\t\t\t<div class=\"elementor-element elementor-element-6a8bb69 ob-has-background-overlay elementor-widget elementor-widget-ha-page-title happy-addon ha-page-title\" data-id=\"6a8bb69\" data-element_type=\"widget\" data-e-type=\"widget\" data-settings=\"{&quot;_ob_poopart_use&quot;:&quot;yes&quot;}\" data-widget_type=\"ha-page-title.default\">\n\t\t\t\t<div class=\"elementor-widget-container\">\n\t\t\t\t\t<h2 class=\"ha-page-title elementor-size-default\">Accesibilidad<\/h2>\t\t\t\t<\/div>\n\t\t\t\t<\/div>\n\t\t\t\t\t<\/div>\n\t\t<\/div>\n\t\t\t\t\t<\/div>\n\t\t<\/section>\n\t\t\t\t<section class=\"ob-is-breaking-bad elementor-section elementor-top-section elementor-element elementor-element-4f952ca elementor-section-boxed elementor-section-height-default elementor-section-height-default\" data-id=\"4f952ca\" data-element_type=\"section\" data-e-type=\"section\" data-settings=\"{&quot;_ob_bbad_use_it&quot;:&quot;yes&quot;,&quot;_ob_bbad_sssic_use&quot;:&quot;no&quot;}\">\n\t\t\t\t\t\t<div class=\"elementor-container elementor-column-gap-default\">\n\t\t\t\t\t<div class=\"elementor-column elementor-col-100 elementor-top-column elementor-element elementor-element-fc88775\" data-id=\"fc88775\" data-element_type=\"column\" data-e-type=\"column\" data-settings=\"{&quot;_ob_bbad_is_stalker&quot;:&quot;no&quot;,&quot;_ob_column_has_pseudo&quot;:&quot;no&quot;}\">\n\t\t\t<div class=\"elementor-widget-wrap elementor-element-populated\">\n\t\t\t\t\t\t<div class=\"elementor-element elementor-element-d8ba5cd custom-text ob-harakiri-inherit ob-has-background-overlay elementor-widget elementor-widget-text-editor\" data-id=\"d8ba5cd\" data-element_type=\"widget\" data-e-type=\"widget\" data-settings=\"{&quot;_ob_use_harakiri&quot;:&quot;yes&quot;,&quot;_ob_harakiri_writing_mode&quot;:&quot;inherit&quot;,&quot;_ob_poopart_use&quot;:&quot;yes&quot;}\" data-widget_type=\"text-editor.default\">\n\t\t\t\t<div class=\"elementor-widget-container\">\n\t\t\t\t\t\t\t\t\t<div class=\"col-sm-12 titulo margin-lg-bottom-xl text-center\">\r\n<h3 class=\"texto-tam-xxxxl mb-0 fonte-xuntasans texto-bold texto-color-xunta-secundario\" tabindex=\"0\"><strong>Declaraci\u00f3n de accesibilidad<\/strong><\/h3>\r\n<\/div><br><div class=\"col-sm-12 parrafo estandar\" tabindex=\"0\">\r\n\r\nLa Xunta de Galicia se comprometi\u00f3 a hacer accesibles sus sitios web de conformidad con el <a href=\"https:\/\/www.boe.es\/diario_boe\/txt.php?id=BOE-A-2018-12699\" target=\"_blank\" rel=\"noopener\">Real decreto 1112\/2018, del 7 de septiembre, sobre accesibilidad de los sitios web y aplicaciones para dispositivos m\u00f3viles del sector p\u00fablico<\/a>.\r\n\r\nEsta declaraci\u00f3n de accesibilidade afecta al sitio web Oficina Galicia Empresa.\r\n<h3><strong>Situaci\u00f3n del cumplimento<\/strong><\/h3>\r\nEste sitio web es <strong>parcialmente conforme<\/strong> al RD 1112\/2018 a causa de las excepciones y de la falta de conformidad de los aspectos que se acercan a continuaci\u00f3n.\r\n<h3><strong>Contenido no accesible<\/strong><\/h3>\r\nEl contenido que se recoge a continuaci\u00f3n no es accesible por lo siguiente:\r\n<ol>\r\n \t<li type=\"a\"><strong>falta de conformidad con el RD 1112\/2018:<\/strong>\r\n<ul>\r\n \t<li>Pueden existir problemas para percibir algunos elementos del sitio afectando a los requisitos, 9.1.1.1 Contenido no textual, 9.1.3.1 Informaci\u00f3n y relaciones, 9.1.4.3 Contraste (m\u00ednimo) y 9.1.4.11 Contraste no textual de UNE-EN 301 549:2019.<\/li>\r\n \t<li>Se pueden experimentar problemas en el acceso a las funcionalidades de los elementos del sitio afectando a los requisitos 9.2.1.1 Teclado, 9.2.4.6 Encabezados y etiquetas y 9.2.4.7 Visibilidad del foco de UNE-EN 301 549:2019.<\/li>\r\n \t<li>Puede no estar disponible alguna informaci\u00f3n relativa a elementos del sitio que afecte a comprender c\u00f3mo usar estos elementos o a informaci\u00f3n que proporcionan afectando al requisito 9.3.1.2 Idioma de las partes de UNE-EN 301 549:2019.<\/li>\r\n \t<li>Algunos navegadores o productos de apoyo pueden experimentar problemas para interpretar algunos elementos de este sitio, afectando al requisito 9.4.1.1 Procesamiento de UNE-EN 301 549:2019.<\/li>\r\n<\/ul>\r\n<\/li>\r\n \t<li type=\"a\"><strong>carga desproporcionada<\/strong>: no procede.<\/li>\r\n \t<li type=\"a\">el contenido <strong>no entra dentro del \u00e1mbito de la legislaci\u00f3n<\/strong> aplicable: no procede.<\/li>\r\n<\/ol>\r\n<h3><strong>Preparaci\u00f3n de la presente declaraci\u00f3n de accesibilidad<\/strong><\/h3>\r\nEsta declaraci\u00f3n fue preparada el 01\/10\/2020.\r\n\r\nEl m\u00e9todo empleado para preparar la declaraci\u00f3n fue una autoevaluaci\u00f3n llevada a cabo por la Agencia para la Modernizaci\u00f3n Tecnol\u00f3gica de Galicia (Amtega).\r\n\r\n\u00daltima revisi\u00f3n de la declaraci\u00f3n: 20\/05\/2021.\r\n<h3><strong>Observaciones y datos de contacto<\/strong><\/h3>\r\nPuede realizar comunicaciones sobre requisitos de accesibilidad (art\u00edculo 10.2.a del RD 1112\/2018) como informar sobre posibles incumplimientos por parte de este sitio web, transmitir otras dificultades de acceso al contenido o formular cualquier otra consulta o sugesti\u00f3n de mejora relativa a la accesibilidad de este sitio web a trav\u00e9s del <a href=\"https:\/\/www.xunta.gal\/sistema-integrado-de-atencion-a-cidadania?langId=gl_ES\" target=\"_blank\" rel=\"noopener\">Sistema Integrado de Atenci\u00f3n a la Ciudadan\u00eda<\/a> de forma electr\u00f3nica, telef\u00f3nica o presencial.\r\n\r\nLas comunicaciones ser\u00e1n recibidas y tratadas por la Xunta de Galicia.\r\n<h3><strong>Procedimiento de aplicaci\u00f3n<\/strong><\/h3>\r\nEl procedimiento de reclamaci\u00f3n recogido en el art\u00edculo 13 del RD 1112\/2018 entrar\u00e1 en vigor el 20 de septiembre de 2020.\r\n<h3><strong>Contenido opcional<\/strong><\/h3>\r\n<h3><strong>Fecha de \u00faltima revisi\u00f3n<\/strong><\/h3>\r\nLa \u00faltima revisi\u00f3n de accesibilidad fue realizada el 01\/09\/2024.\r\n<h3><strong>Enlaces relacionados<\/strong><\/h3>\r\n<ul>\r\n \t<li><a href=\"https:\/\/www.w3.org\/TR\/WCAG21\/\" target=\"_blank\" rel=\"noopener\">Pautas de accesibilidad para el contenido web versi\u00f3n 2.1 &#8211; Recomendaci\u00f3n del W3C publicada el 5 de junio de 2018<\/a><\/li>\r\n \t<li><a href=\"https:\/\/www.w3.org\/WAI\/WCAG21\/quickref\/\" target=\"_blank\" rel=\"noopener\">Gu\u00eda r\u00e1pida sobre c\u00f3mo cumplir con las pautas de accesibilidad para el contenido web versi\u00f3n 2 &#8211; Publicaci\u00f3n del W3C<\/a><\/li>\r\n \t<li><a href=\"http:\/\/www.w3.org\/WAI\" target=\"_blank\" rel=\"noopener\">Iniciativa de accesibilidad del W3C<\/a><\/li>\r\n \t<li><a href=\"https:\/\/www.boe.es\/diario_boe\/txt.php?id=BOE-A-2018-12699\" target=\"_blank\" rel=\"noopener\">Real Decreto 1112\/2018, del 7 de septiembre, sobre accesibilidad de los sitios web y aplicaciones para dispositivos m\u00f3viles del sector p\u00fablico<\/a><\/li>\r\n \t<li><a href=\"https:\/\/administracionelectronica.gob.es\/pae_Home\/pae_Estrategias\/pae_Accesibilidad.html?idioma=gl\" target=\"_blank\" rel=\"noopener\">Estrategia de la accesibilidad &#8211; Portal de la Administraci\u00f3n electr\u00f3nica<\/a><\/li>\r\n \t<li><a href=\"http:\/\/administracionelectronica.gob.es\/PAe\/accesibilidad\/une-en-301549-2019.pdf\" target=\"_blank\" rel=\"noopener\">Norma UNE-EN 301 549:2019, con la versi\u00f3n 2.1.2 de la Norma EN 301 549:2018, de los \u00abRequisitos de accesibilidad para productos y servicios TIC\u00bb<\/a><\/li>\r\n \t<li><a href=\"https:\/\/www.xunta.gal\/atencion-a-cidadania?langId=gl_ES\" target=\"_blank\" rel=\"noopener\">Atenci\u00f3n a la ciudadan\u00eda<\/a><\/li>\r\n<\/ul>\r\n<\/div>\t\t\t\t\t\t\t\t<\/div>\n\t\t\t\t<\/div>\n\t\t\t\t<div class=\"elementor-element elementor-element-a739eb0 ob-has-background-overlay elementor-widget elementor-widget-html\" data-id=\"a739eb0\" data-element_type=\"widget\" data-e-type=\"widget\" data-settings=\"{&quot;_ob_poopart_use&quot;:&quot;yes&quot;}\" data-widget_type=\"html.default\">\n\t\t\t\t<div class=\"elementor-widget-container\">\n\t\t\t\t\t<style>\r\n.custom-text {\r\n    \/*padding: 30px;*\/\r\n    \/*color: var(--e-global-color-primary );*\/\r\n    \/*background-color: var(--e-global-color-b28e45f );\r\n    border-style: solid;\r\n    border-width: 1px 1px 1px 1px;\r\n    border-color: #014D943B;\r\n    border-radius: 0px 0px 0px 0px;*\/\r\n}\r\n.custom-text a{\r\n    color: var( --e-global-color-primary );\r\n    font-weight: 600;\r\n}\r\n\/*\r\n.custom-text ol {\r\n      margin-bottom:20px;\r\n      font-weight:500;\r\n}\r\n.custom-text ol li {\r\n      color: var( --e-global-color-primary );\r\n}\r\n*\/\r\n.custom-text h3{\r\n  color: var( --e-global-color-text );\r\n  font-weight: 500!important;\r\n  color: var( --e-global-color-primary );\r\n  font-size: 20px;\r\n  line-height: 1.3em;\r\n  text-transform: uppercase;\r\n}\r\n.custom-text h3:not(:first-of-type) {\r\n  margin-top: 30px;\r\n}\r\n.custom-text ol,\r\n.custom-text ul {\r\n  display: block;\r\n  padding-top: 20px;\r\n  padding-bottom: 10px;\r\n  padding-right: 20px;\r\n  flex-direction: row;\r\n  align-items: center;\r\n  justify-content: start;\r\n  background: #F1F2F8;\r\n\/*background: linear-gradient(90deg, rgba(255,255,255,1) 0%, rgba(222,236,253,1) 100%);*\/\r\n  margin-top: 20px;\r\n  margin-bottom: 20px;\r\n}\r\n.custom-text ol li::marker {\r\n    color: var( --e-global-color-secondary );\r\n}\r\n.custom-text ol li,\r\n.custom-text ul li {\r\n  font-size: 16px!important;\r\n  margin: 0;\r\n  list-style:none;\r\n  list-style-type: square;\r\n  padding: 0 .2em; \/* indentation + .5em *\/\r\n  line-height: 1.2em; \/* default list item's `line-height` *\/\r\n  margin-bottom: 1em;\r\n  position: relative;\r\n  \/*color: var( --e-global-color-primary );*\/\r\n}\r\n.custom-text ol li:before,\r\n.custom-text ul li:before {\r\n    content:\"\";\r\n    top:0;\r\n    left:-20px;\r\n    position: absolute;\r\n    display: flex;\r\n    height: 100%;\r\n    \/*border-left:3px solid var( --e-global-color-primary );*\/\r\n}\r\n.custom-text p{\r\n    margin-bottom: 15px;\r\n}\r\n<\/style>\t\t\t\t<\/div>\n\t\t\t\t<\/div>\n\t\t\t\t\t<\/div>\n\t\t<\/div>\n\t\t\t\t\t<\/div>\n\t\t<\/section>\n\t\t\t\t<\/div>\n\t\t","protected":false},"excerpt":{"rendered":"<p>Declaraci\u00f3n de accesibilidad La Xunta de Galicia se comprometi\u00f3 a hacer accesibles sus sitios web de conformidad con el Real decreto 1112\/2018, del 7 de septiembre, sobre accesibilidad de los sitios web y aplicaciones para dispositivos m\u00f3viles del sector p\u00fablico. Esta declaraci\u00f3n de accesibilidade afecta al sitio web Oficina Galicia Empresa. Situaci\u00f3n del cumplimento Este [&hellip;]<\/p>\n","protected":false},"author":3,"featured_media":10325,"parent":0,"menu_order":37,"comment_status":"closed","ping_status":"closed","template":"","meta":{"inline_featured_image":false,"footnotes":""},"categorias_paxinas":[],"class_list":["post-16429","page","type-page","status-publish","has-post-thumbnail","hentry"],"yoast_head":"<!-- This site is optimized with the Yoast SEO plugin v27.3 - https:\/\/yoast.com\/product\/yoast-seo-wordpress\/ -->\n<title>Accesibilidad - Oficina Econ\u00f3mica de Galicia<\/title>\n<meta name=\"robots\" content=\"index, follow, max-snippet:-1, max-image-preview:large, max-video-preview:-1\" \/>\n<link rel=\"canonical\" href=\"https:\/\/oficinaeconomicagalicia.xunta.gal\/accesibilidade\/\" \/>\n<meta property=\"og:locale\" content=\"es_ES\" \/>\n<meta property=\"og:type\" content=\"article\" \/>\n<meta property=\"og:title\" content=\"Accesibilidad - Oficina Econ\u00f3mica de Galicia\" \/>\n<meta property=\"og:description\" content=\"Declaraci\u00f3n de accesibilidad La Xunta de Galicia se comprometi\u00f3 a hacer accesibles sus sitios web de conformidad con el Real decreto 1112\/2018, del 7 de septiembre, sobre accesibilidad de los sitios web y aplicaciones para dispositivos m\u00f3viles del sector p\u00fablico. Esta declaraci\u00f3n de accesibilidade afecta al sitio web Oficina Galicia Empresa. Situaci\u00f3n del cumplimento Este [&hellip;]\" \/>\n<meta property=\"og:url\" content=\"https:\/\/oficinaeconomicagalicia.xunta.gal\/accesibilidade\/\" \/>\n<meta property=\"og:site_name\" content=\"Oficina Econ\u00f3mica de Galicia\" \/>\n<meta property=\"article:publisher\" content=\"https:\/\/www.facebook.com\/OficinaEconomicadeGalicia\/\" \/>\n<meta property=\"article:modified_time\" content=\"2025-09-01T12:40:20+00:00\" \/>\n<meta property=\"og:image\" content=\"https:\/\/oficinaeconomicagalicia.xunta.gal\/wp-content\/uploads\/2024\/08\/30-1.jpg\" \/>\n\t<meta property=\"og:image:width\" content=\"1920\" \/>\n\t<meta property=\"og:image:height\" content=\"1080\" \/>\n\t<meta property=\"og:image:type\" content=\"image\/jpeg\" \/>\n<meta name=\"twitter:card\" content=\"summary_large_image\" \/>\n<meta name=\"twitter:label1\" content=\"Tiempo de lectura\" \/>\n\t<meta name=\"twitter:data1\" content=\"3 minutos\" \/>\n<script type=\"application\/ld+json\" class=\"yoast-schema-graph\">{\"@context\":\"https:\\\/\\\/schema.org\",\"@graph\":[{\"@type\":\"WebPage\",\"@id\":\"https:\\\/\\\/oficinaeconomicagalicia.xunta.gal\\\/accesibilidade\\\/\",\"url\":\"https:\\\/\\\/oficinaeconomicagalicia.xunta.gal\\\/accesibilidade\\\/\",\"name\":\"Accesibilidad - Oficina Econ\u00f3mica de Galicia\",\"isPartOf\":{\"@id\":\"https:\\\/\\\/oficinaeconomicagalicia.xunta.gal\\\/#website\"},\"primaryImageOfPage\":{\"@id\":\"https:\\\/\\\/oficinaeconomicagalicia.xunta.gal\\\/accesibilidade\\\/#primaryimage\"},\"image\":{\"@id\":\"https:\\\/\\\/oficinaeconomicagalicia.xunta.gal\\\/accesibilidade\\\/#primaryimage\"},\"thumbnailUrl\":\"https:\\\/\\\/oficinaeconomicagalicia.xunta.gal\\\/wp-content\\\/uploads\\\/2024\\\/08\\\/30-1.jpg\",\"datePublished\":\"2024-09-28T17:35:37+00:00\",\"dateModified\":\"2025-09-01T12:40:20+00:00\",\"breadcrumb\":{\"@id\":\"https:\\\/\\\/oficinaeconomicagalicia.xunta.gal\\\/accesibilidade\\\/#breadcrumb\"},\"inLanguage\":\"es\",\"potentialAction\":[{\"@type\":\"ReadAction\",\"target\":[\"https:\\\/\\\/oficinaeconomicagalicia.xunta.gal\\\/accesibilidade\\\/\"]}]},{\"@type\":\"ImageObject\",\"inLanguage\":\"es\",\"@id\":\"https:\\\/\\\/oficinaeconomicagalicia.xunta.gal\\\/accesibilidade\\\/#primaryimage\",\"url\":\"https:\\\/\\\/oficinaeconomicagalicia.xunta.gal\\\/wp-content\\\/uploads\\\/2024\\\/08\\\/30-1.jpg\",\"contentUrl\":\"https:\\\/\\\/oficinaeconomicagalicia.xunta.gal\\\/wp-content\\\/uploads\\\/2024\\\/08\\\/30-1.jpg\",\"width\":1920,\"height\":1080},{\"@type\":\"BreadcrumbList\",\"@id\":\"https:\\\/\\\/oficinaeconomicagalicia.xunta.gal\\\/accesibilidade\\\/#breadcrumb\",\"itemListElement\":[{\"@type\":\"ListItem\",\"position\":1,\"name\":\"Inicio\",\"item\":\"https:\\\/\\\/oficinaeconomicagalicia.xunta.gal\\\/\"},{\"@type\":\"ListItem\",\"position\":2,\"name\":\"Accesibilidad\"}]},{\"@type\":\"WebSite\",\"@id\":\"https:\\\/\\\/oficinaeconomicagalicia.xunta.gal\\\/#website\",\"url\":\"https:\\\/\\\/oficinaeconomicagalicia.xunta.gal\\\/\",\"name\":\"Oficina Econ\u00f3mica de Galicia\",\"description\":\"Convertir calquera tr\u00e1mite nun mero tr\u00e1mite\",\"publisher\":{\"@id\":\"https:\\\/\\\/oficinaeconomicagalicia.xunta.gal\\\/#organization\"},\"potentialAction\":[{\"@type\":\"SearchAction\",\"target\":{\"@type\":\"EntryPoint\",\"urlTemplate\":\"https:\\\/\\\/oficinaeconomicagalicia.xunta.gal\\\/?s={search_term_string}\"},\"query-input\":{\"@type\":\"PropertyValueSpecification\",\"valueRequired\":true,\"valueName\":\"search_term_string\"}}],\"inLanguage\":\"es\"},{\"@type\":\"Organization\",\"@id\":\"https:\\\/\\\/oficinaeconomicagalicia.xunta.gal\\\/#organization\",\"name\":\"Oficina Econ\u00f3mica de Galicia\",\"alternateName\":\"OEG\",\"url\":\"https:\\\/\\\/oficinaeconomicagalicia.xunta.gal\\\/\",\"logo\":{\"@type\":\"ImageObject\",\"inLanguage\":\"es\",\"@id\":\"https:\\\/\\\/oficinaeconomicagalicia.xunta.gal\\\/#\\\/schema\\\/logo\\\/image\\\/\",\"url\":\"https:\\\/\\\/oficinaeconomicagalicia.xunta.gal\\\/wp-content\\\/uploads\\\/2023\\\/04\\\/marca-OEG-cor.svg\",\"contentUrl\":\"https:\\\/\\\/oficinaeconomicagalicia.xunta.gal\\\/wp-content\\\/uploads\\\/2023\\\/04\\\/marca-OEG-cor.svg\",\"width\":375.2,\"height\":67,\"caption\":\"Oficina Econ\u00f3mica de Galicia\"},\"image\":{\"@id\":\"https:\\\/\\\/oficinaeconomicagalicia.xunta.gal\\\/#\\\/schema\\\/logo\\\/image\\\/\"},\"sameAs\":[\"https:\\\/\\\/www.facebook.com\\\/OficinaEconomicadeGalicia\\\/\",\"https:\\\/\\\/www.linkedin.com\\\/company\\\/oficina-economica-de-galicia\\\/\"]}]}<\/script>\n<!-- \/ Yoast SEO plugin. -->","yoast_head_json":{"title":"Accesibilidad - Oficina Econ\u00f3mica de Galicia","robots":{"index":"index","follow":"follow","max-snippet":"max-snippet:-1","max-image-preview":"max-image-preview:large","max-video-preview":"max-video-preview:-1"},"canonical":"https:\/\/oficinaeconomicagalicia.xunta.gal\/accesibilidade\/","og_locale":"es_ES","og_type":"article","og_title":"Accesibilidad - Oficina Econ\u00f3mica de Galicia","og_description":"Declaraci\u00f3n de accesibilidad La Xunta de Galicia se comprometi\u00f3 a hacer accesibles sus sitios web de conformidad con el Real decreto 1112\/2018, del 7 de septiembre, sobre accesibilidad de los sitios web y aplicaciones para dispositivos m\u00f3viles del sector p\u00fablico. Esta declaraci\u00f3n de accesibilidade afecta al sitio web Oficina Galicia Empresa. Situaci\u00f3n del cumplimento Este [&hellip;]","og_url":"https:\/\/oficinaeconomicagalicia.xunta.gal\/accesibilidade\/","og_site_name":"Oficina Econ\u00f3mica de Galicia","article_publisher":"https:\/\/www.facebook.com\/OficinaEconomicadeGalicia\/","article_modified_time":"2025-09-01T12:40:20+00:00","og_image":[{"width":1920,"height":1080,"url":"https:\/\/oficinaeconomicagalicia.xunta.gal\/wp-content\/uploads\/2024\/08\/30-1.jpg","type":"image\/jpeg"}],"twitter_card":"summary_large_image","twitter_misc":{"Tiempo de lectura":"3 minutos"},"schema":{"@context":"https:\/\/schema.org","@graph":[{"@type":"WebPage","@id":"https:\/\/oficinaeconomicagalicia.xunta.gal\/accesibilidade\/","url":"https:\/\/oficinaeconomicagalicia.xunta.gal\/accesibilidade\/","name":"Accesibilidad - Oficina Econ\u00f3mica de Galicia","isPartOf":{"@id":"https:\/\/oficinaeconomicagalicia.xunta.gal\/#website"},"primaryImageOfPage":{"@id":"https:\/\/oficinaeconomicagalicia.xunta.gal\/accesibilidade\/#primaryimage"},"image":{"@id":"https:\/\/oficinaeconomicagalicia.xunta.gal\/accesibilidade\/#primaryimage"},"thumbnailUrl":"https:\/\/oficinaeconomicagalicia.xunta.gal\/wp-content\/uploads\/2024\/08\/30-1.jpg","datePublished":"2024-09-28T17:35:37+00:00","dateModified":"2025-09-01T12:40:20+00:00","breadcrumb":{"@id":"https:\/\/oficinaeconomicagalicia.xunta.gal\/accesibilidade\/#breadcrumb"},"inLanguage":"es","potentialAction":[{"@type":"ReadAction","target":["https:\/\/oficinaeconomicagalicia.xunta.gal\/accesibilidade\/"]}]},{"@type":"ImageObject","inLanguage":"es","@id":"https:\/\/oficinaeconomicagalicia.xunta.gal\/accesibilidade\/#primaryimage","url":"https:\/\/oficinaeconomicagalicia.xunta.gal\/wp-content\/uploads\/2024\/08\/30-1.jpg","contentUrl":"https:\/\/oficinaeconomicagalicia.xunta.gal\/wp-content\/uploads\/2024\/08\/30-1.jpg","width":1920,"height":1080},{"@type":"BreadcrumbList","@id":"https:\/\/oficinaeconomicagalicia.xunta.gal\/accesibilidade\/#breadcrumb","itemListElement":[{"@type":"ListItem","position":1,"name":"Inicio","item":"https:\/\/oficinaeconomicagalicia.xunta.gal\/"},{"@type":"ListItem","position":2,"name":"Accesibilidad"}]},{"@type":"WebSite","@id":"https:\/\/oficinaeconomicagalicia.xunta.gal\/#website","url":"https:\/\/oficinaeconomicagalicia.xunta.gal\/","name":"Oficina Econ\u00f3mica de Galicia","description":"Convertir calquera tr\u00e1mite nun mero tr\u00e1mite","publisher":{"@id":"https:\/\/oficinaeconomicagalicia.xunta.gal\/#organization"},"potentialAction":[{"@type":"SearchAction","target":{"@type":"EntryPoint","urlTemplate":"https:\/\/oficinaeconomicagalicia.xunta.gal\/?s={search_term_string}"},"query-input":{"@type":"PropertyValueSpecification","valueRequired":true,"valueName":"search_term_string"}}],"inLanguage":"es"},{"@type":"Organization","@id":"https:\/\/oficinaeconomicagalicia.xunta.gal\/#organization","name":"Oficina Econ\u00f3mica de Galicia","alternateName":"OEG","url":"https:\/\/oficinaeconomicagalicia.xunta.gal\/","logo":{"@type":"ImageObject","inLanguage":"es","@id":"https:\/\/oficinaeconomicagalicia.xunta.gal\/#\/schema\/logo\/image\/","url":"https:\/\/oficinaeconomicagalicia.xunta.gal\/wp-content\/uploads\/2023\/04\/marca-OEG-cor.svg","contentUrl":"https:\/\/oficinaeconomicagalicia.xunta.gal\/wp-content\/uploads\/2023\/04\/marca-OEG-cor.svg","width":375.2,"height":67,"caption":"Oficina Econ\u00f3mica de Galicia"},"image":{"@id":"https:\/\/oficinaeconomicagalicia.xunta.gal\/#\/schema\/logo\/image\/"},"sameAs":["https:\/\/www.facebook.com\/OficinaEconomicadeGalicia\/","https:\/\/www.linkedin.com\/company\/oficina-economica-de-galicia\/"]}]}},"_links":{"self":[{"href":"https:\/\/oficinaeconomicagalicia.xunta.gal\/es\/wp-json\/wp\/v2\/pages\/16429","targetHints":{"allow":["GET"]}}],"collection":[{"href":"https:\/\/oficinaeconomicagalicia.xunta.gal\/es\/wp-json\/wp\/v2\/pages"}],"about":[{"href":"https:\/\/oficinaeconomicagalicia.xunta.gal\/es\/wp-json\/wp\/v2\/types\/page"}],"author":[{"embeddable":true,"href":"https:\/\/oficinaeconomicagalicia.xunta.gal\/es\/wp-json\/wp\/v2\/users\/3"}],"replies":[{"embeddable":true,"href":"https:\/\/oficinaeconomicagalicia.xunta.gal\/es\/wp-json\/wp\/v2\/comments?post=16429"}],"version-history":[{"count":1,"href":"https:\/\/oficinaeconomicagalicia.xunta.gal\/es\/wp-json\/wp\/v2\/pages\/16429\/revisions"}],"predecessor-version":[{"id":16430,"href":"https:\/\/oficinaeconomicagalicia.xunta.gal\/es\/wp-json\/wp\/v2\/pages\/16429\/revisions\/16430"}],"wp:featuredmedia":[{"embeddable":true,"href":"https:\/\/oficinaeconomicagalicia.xunta.gal\/es\/wp-json\/wp\/v2\/media\/10325"}],"wp:attachment":[{"href":"https:\/\/oficinaeconomicagalicia.xunta.gal\/es\/wp-json\/wp\/v2\/media?parent=16429"}],"wp:term":[{"taxonomy":"categorias_paxinas","embeddable":true,"href":"https:\/\/oficinaeconomicagalicia.xunta.gal\/es\/wp-json\/wp\/v2\/categorias_paxinas?post=16429"}],"curies":[{"name":"wp","href":"https:\/\/api.w.org\/{rel}","templated":true}]}}